{"id":138,"date":"2025-10-09T22:42:37","date_gmt":"2025-10-09T20:42:37","guid":{"rendered":"https:\/\/kuenstlerischesgestalten.architektur.rptu.de\/?page_id=138"},"modified":"2025-10-25T21:41:38","modified_gmt":"2025-10-25T19:41:38","slug":"das-grosse-innenaussen","status":"publish","type":"page","link":"https:\/\/kuenstlerischesgestalten.architektur.rptu.de\/index.php\/das-grosse-innenaussen\/","title":{"rendered":"Das gro\u00dfe InnenAu\u00dfen"},"content":{"rendered":"\n<p>\u201eDer Barock erfindet das unendliche Werk oder die unendliche Operation. Das Problem ist nicht, wie eine Falte beenden, sondern wie sie fortsetzen, die Zimmerdecke durchqueren lassen, sie ins Unendliche tragen. Denn die Falte affiziert nicht allein alle Materien, die zu Ausdrucksmaterien werden, gem\u00e4\u00df unterschiedlichen Skalen, Geschwindigkeiten und Vektoren (die Berge und das Wasser, die Papiere, die Stoffe, die lebendigen Gewebe, das Gehirn), vielmehr bestimmt sie und l\u00e4\u00dft erscheinen die Form und macht daraus eine Ausdrucksform,&nbsp;\u201eGestaltung\u201c,&nbsp;das genetische Element oder die unendliche Flexionslinie, die Kurve mit einer einzigen Variablen.\u201c<\/p>\n\n\n\n<p>Gilles Deleuze:&nbsp;\u201eDie Falte. Leibniz und der Barock.\u201c&nbsp;Frankfurt am Main 2017, Seite 61.<\/p>\n\n\n\n<p>Der k\u00fcnstlerische Entwurf bearbeitet Situationen, die individuell gefunden oder entwickelt werden, die das eigene \u201egenetische Element\u201c beinhalten. Jede Entwurfsphase ist auf das analoge Arbeiten festgelegt, f\u00fcr jeden Schritt will die richtige Gr\u00f6\u00dfe und das angemessene Gestaltungsmittel gefunden werden.<\/p>\n\n\n\n<p>Dieses Projekt hat mindestens zwei parallel stattfindende Ausgangspunkte. Sie experimentieren innerhalb der Zusammenh\u00e4nge Innen\/Au\u00dfen und Anfang\/Ende. Sie feiern die Gleichzeitigkeit \u2013 das kausale Denken und die Logik des Fortschritts ignorierend.<\/p>\n\n\n\n<p>Bis Weihnachten sind verbindlich Di 14-17 Uhr + Mi oder Mo ab 10 Uhr.&nbsp;<\/p>\n\n\n\n<p>Beginn: Mittwoch, der 29.10.2025, 10:00 Uhr<\/p>\n\n\n\n<p>Raum:\u00a01-U03 (Plastik)<br><br>Dozent:in: Prof. Heike Kern, Paul Schuseil<\/p>\n","protected":false},"excerpt":{"rendered":"<p>\u201eDer Barock erfindet das unendliche Werk oder die unendliche Operation. Das Problem ist nicht, wie eine Falte beenden, sondern wie sie fortsetzen, die Zimmerdecke durchqueren lassen, sie ins Unendliche tragen. Denn die Falte affiziert nicht allein alle Materien, die zu Ausdrucksmaterien werden, gem\u00e4\u00df unterschiedlichen Skalen, Geschwindigkeiten und Vektoren (die Berge und das Wasser, die Papiere, [&hellip;]<\/p>\n","protected":false},"author":1,"featured_media":0,"parent":0,"menu_order":0,"comment_status":"closed","ping_status":"closed","template":"","meta":{"footnotes":""},"class_list":["post-138","page","type-page","status-publish","hentry"],"_links":{"self":[{"href":"https:\/\/kuenstlerischesgestalten.architektur.rptu.de\/index.php\/wp-json\/wp\/v2\/pages\/138","targetHints":{"allow":["GET"]}}],"collection":[{"href":"https:\/\/kuenstlerischesgestalten.architektur.rptu.de\/index.php\/wp-json\/wp\/v2\/pages"}],"about":[{"href":"https:\/\/kuenstlerischesgestalten.architektur.rptu.de\/index.php\/wp-json\/wp\/v2\/types\/page"}],"author":[{"embeddable":true,"href":"https:\/\/kuenstlerischesgestalten.architektur.rptu.de\/index.php\/wp-json\/wp\/v2\/users\/1"}],"replies":[{"embeddable":true,"href":"https:\/\/kuenstlerischesgestalten.architektur.rptu.de\/index.php\/wp-json\/wp\/v2\/comments?post=138"}],"version-history":[{"count":3,"href":"https:\/\/kuenstlerischesgestalten.architektur.rptu.de\/index.php\/wp-json\/wp\/v2\/pages\/138\/revisions"}],"predecessor-version":[{"id":213,"href":"https:\/\/kuenstlerischesgestalten.architektur.rptu.de\/index.php\/wp-json\/wp\/v2\/pages\/138\/revisions\/213"}],"wp:attachment":[{"href":"https:\/\/kuenstlerischesgestalten.architektur.rptu.de\/index.php\/wp-json\/wp\/v2\/media?parent=138"}],"curies":[{"name":"wp","href":"https:\/\/api.w.org\/{rel}","templated":true}]}}