{"id":145,"date":"2025-10-09T22:48:52","date_gmt":"2025-10-09T20:48:52","guid":{"rendered":"https:\/\/kuenstlerischesgestalten.architektur.rptu.de\/?page_id=145"},"modified":"2025-10-09T22:48:52","modified_gmt":"2025-10-09T20:48:52","slug":"was-waechst","status":"publish","type":"page","link":"https:\/\/kuenstlerischesgestalten.architektur.rptu.de\/index.php\/was-waechst\/","title":{"rendered":"Was w\u00e4chst"},"content":{"rendered":"\n<p>\u00dcberall bl\u00fcht und gedeiht irgendetwas. An den unwegbarsten Orten findet sich ein St\u00e4ngel, ein Blatt, eine Frucht. Die Formen sind verschieden und doch \u00e4hnlich, folgen einer Ordnung einem Aufbau, eingeschrieben vom Kleinsten bis ins Gr\u00f6\u00dfte. Einem Stamm folgen zwei \u00c4ste, folgen zwei Bl\u00e4tter. Jedes Glied folgt dem gleichen Prinzip. Man sieht das Wachstum in der Verbindung der einzelnen Teile. Je genauer man hinsieht, desto eindrucksvoller werden die Elemente.&nbsp;<\/p>\n\n\n\n<p>Hier kann man sich abschauen wie Denken, wie Bauen gehen kann, wie Zeichnen geht. Man kann Stammb\u00e4ume anlegen als Gedankenst\u00fctze oder Rhizome als Bild f\u00fcr Komplexit\u00e4t bem\u00fchen.<\/p>\n\n\n\n<p>Das Seminar behandelt das genaue Hinsehen, reinzoomen und rauszoomen, die \u00dcbersetzung ins Zeichnerische sowie ins Plastische. Sie arbeiten am lebenden Objekt im Wald und im Botanischen Garten der Uni Mainz. Begleitet von experimentellen \u00dcbungen finden Sie heraus, was Sie interessiert, welche Strukturen, welche Verbindungen, welche Formen.<\/p>\n\n\n\n<p>Teilnehmer:innen: 12 Personen&nbsp;<\/p>\n\n\n\n<p>Exkursion am 15.12.2025<\/p>\n\n\n\n<p>Anmeldung per Mail an r.adltabatabai@rptu.de<\/p>\n\n\n\n<p>Material und Exkursion: 35 Euro<\/p>\n\n\n\n<p>Beginn: Montag, der 27.10.2025, 10:00 Uhr<\/p>\n\n\n\n<p>Raum:&nbsp;U03 (Plastik)<\/p>\n\n\n\n<p>Material und Exkursion: 35 Euro<br><br>Dozentin: Ronia Adl-Tabatabai<\/p>\n\n\n\n<p><\/p>\n","protected":false},"excerpt":{"rendered":"<p>\u00dcberall bl\u00fcht und gedeiht irgendetwas. An den unwegbarsten Orten findet sich ein St\u00e4ngel, ein Blatt, eine Frucht. Die Formen sind verschieden und doch \u00e4hnlich, folgen einer Ordnung einem Aufbau, eingeschrieben vom Kleinsten bis ins Gr\u00f6\u00dfte. Einem Stamm folgen zwei \u00c4ste, folgen zwei Bl\u00e4tter. Jedes Glied folgt dem gleichen Prinzip. Man sieht das Wachstum in der [&hellip;]<\/p>\n","protected":false},"author":1,"featured_media":0,"parent":0,"menu_order":0,"comment_status":"closed","ping_status":"closed","template":"","meta":{"footnotes":""},"class_list":["post-145","page","type-page","status-publish","hentry"],"_links":{"self":[{"href":"https:\/\/kuenstlerischesgestalten.architektur.rptu.de\/index.php\/wp-json\/wp\/v2\/pages\/145","targetHints":{"allow":["GET"]}}],"collection":[{"href":"https:\/\/kuenstlerischesgestalten.architektur.rptu.de\/index.php\/wp-json\/wp\/v2\/pages"}],"about":[{"href":"https:\/\/kuenstlerischesgestalten.architektur.rptu.de\/index.php\/wp-json\/wp\/v2\/types\/page"}],"author":[{"embeddable":true,"href":"https:\/\/kuenstlerischesgestalten.architektur.rptu.de\/index.php\/wp-json\/wp\/v2\/users\/1"}],"replies":[{"embeddable":true,"href":"https:\/\/kuenstlerischesgestalten.architektur.rptu.de\/index.php\/wp-json\/wp\/v2\/comments?post=145"}],"version-history":[{"count":1,"href":"https:\/\/kuenstlerischesgestalten.architektur.rptu.de\/index.php\/wp-json\/wp\/v2\/pages\/145\/revisions"}],"predecessor-version":[{"id":151,"href":"https:\/\/kuenstlerischesgestalten.architektur.rptu.de\/index.php\/wp-json\/wp\/v2\/pages\/145\/revisions\/151"}],"wp:attachment":[{"href":"https:\/\/kuenstlerischesgestalten.architektur.rptu.de\/index.php\/wp-json\/wp\/v2\/media?parent=145"}],"curies":[{"name":"wp","href":"https:\/\/api.w.org\/{rel}","templated":true}]}}