{"id":146,"date":"2025-10-09T22:46:36","date_gmt":"2025-10-09T20:46:36","guid":{"rendered":"https:\/\/kuenstlerischesgestalten.architektur.rptu.de\/?page_id=146"},"modified":"2025-10-09T22:46:36","modified_gmt":"2025-10-09T20:46:36","slug":"fragment-und-verbindung","status":"publish","type":"page","link":"https:\/\/kuenstlerischesgestalten.architektur.rptu.de\/index.php\/fragment-und-verbindung\/","title":{"rendered":"Fragment und Verbindung"},"content":{"rendered":"\n<p>Was geschieht, wenn Bilder&nbsp;verschiedener Herkunft und Aussage&nbsp;nebeneinander treten, sich \u00fcberlagern, verdecken,&nbsp;wenn&nbsp;Teile&nbsp;ausgeschnitten oder freigelegt werden?&nbsp;<\/p>\n\n\n\n<p>Welche Aussagen&nbsp;k\u00f6nnen&nbsp;durch&nbsp;die Manipulation von&nbsp;Bildern&nbsp;oder&nbsp;durch&nbsp;neue&nbsp;Bild-Verbindungen&nbsp;entstehen?&nbsp;<\/p>\n\n\n\n<p>In der Collage treten Elemente aus unterschiedlichen Kontexten in Dialog;&nbsp;dieses Verfahrenist&nbsp;pr\u00e4destiniert f\u00fcr die&nbsp;Untersuchung&nbsp;von&nbsp;gesellschaftlichen,&nbsp;politischen&nbsp;und \u00e4sthetischenFragestellungen. Zugleich ist&nbsp;die Collage&nbsp;ein allt\u00e4gliches Ph\u00e4nomen \u2013 von der Litfa\u00dfs\u00e4ule bis zu digitalen Bildfl\u00e4chen wie Instagram verschwimmen die Grenzen zwischen Fragment und Ganzem. Als bildende K\u00fcnstlerin besch\u00e4ftigt mich besonders die Frage, wie wir in einer vielschichtigen Realit\u00e4t Beziehungen gestalten und neue Perspektiven er\u00f6ffnen&nbsp;k\u00f6nnen&nbsp;\u2013 und welche Einblicke uns die Collage daf\u00fcr&nbsp;bietet.<\/p>\n\n\n\n<p>Das&nbsp;Seminar&nbsp;will&nbsp;diesen&nbsp;Fragen&nbsp;praktisch und theoretisch&nbsp;nachgehen.&nbsp;Sie&nbsp;experimentieren mit eigenem und gefundenem&nbsp;Bildmaterial, lesen Textausz\u00fcge \u00fcber Geschichte und Theorie der Collage, entwickeln eigene Werkserien und betrachten in Referaten k\u00fcnstlerische Positionen, die zeigen, wie vielf\u00e4ltig&nbsp;die&nbsp;Collage eingesetzt werden kann.<\/p>\n\n\n\n<p>Teilnehmer:innen: 12 Personen&nbsp;<\/p>\n\n\n\n<p>Sie arbeiten montags ab dem 27.10. bis zur Weihnachtspause&nbsp;jeweils von&nbsp;10&nbsp;bis&nbsp;16&nbsp;Uhr.<\/p>\n\n\n\n<p>Exkursion am 06.12.25<br>Anmeldung per email an: valentina.jaffe@rptu.de&nbsp;<\/p>\n\n\n\n<p>Beginn:&nbsp;Montag, der&nbsp;27.10.2025, 10:00 Uhr<\/p>\n\n\n\n<p>Raum:&nbsp;1-170<\/p>\n\n\n\n<p>Material und Exkursion: 35 Euro<br><br>Dozentin: Valentina Jaff\u00e9<br><\/p>\n","protected":false},"excerpt":{"rendered":"<p>Was geschieht, wenn Bilder&nbsp;verschiedener Herkunft und Aussage&nbsp;nebeneinander treten, sich \u00fcberlagern, verdecken,&nbsp;wenn&nbsp;Teile&nbsp;ausgeschnitten oder freigelegt werden?&nbsp; Welche Aussagen&nbsp;k\u00f6nnen&nbsp;durch&nbsp;die Manipulation von&nbsp;Bildern&nbsp;oder&nbsp;durch&nbsp;neue&nbsp;Bild-Verbindungen&nbsp;entstehen?&nbsp; In der Collage treten Elemente aus unterschiedlichen Kontexten in Dialog;&nbsp;dieses Verfahrenist&nbsp;pr\u00e4destiniert f\u00fcr die&nbsp;Untersuchung&nbsp;von&nbsp;gesellschaftlichen,&nbsp;politischen&nbsp;und \u00e4sthetischenFragestellungen. Zugleich ist&nbsp;die Collage&nbsp;ein allt\u00e4gliches Ph\u00e4nomen \u2013 von der Litfa\u00dfs\u00e4ule bis zu digitalen Bildfl\u00e4chen wie Instagram verschwimmen die Grenzen zwischen Fragment und Ganzem. Als [&hellip;]<\/p>\n","protected":false},"author":1,"featured_media":0,"parent":0,"menu_order":0,"comment_status":"closed","ping_status":"closed","template":"","meta":{"footnotes":""},"class_list":["post-146","page","type-page","status-publish","hentry"],"_links":{"self":[{"href":"https:\/\/kuenstlerischesgestalten.architektur.rptu.de\/index.php\/wp-json\/wp\/v2\/pages\/146","targetHints":{"allow":["GET"]}}],"collection":[{"href":"https:\/\/kuenstlerischesgestalten.architektur.rptu.de\/index.php\/wp-json\/wp\/v2\/pages"}],"about":[{"href":"https:\/\/kuenstlerischesgestalten.architektur.rptu.de\/index.php\/wp-json\/wp\/v2\/types\/page"}],"author":[{"embeddable":true,"href":"https:\/\/kuenstlerischesgestalten.architektur.rptu.de\/index.php\/wp-json\/wp\/v2\/users\/1"}],"replies":[{"embeddable":true,"href":"https:\/\/kuenstlerischesgestalten.architektur.rptu.de\/index.php\/wp-json\/wp\/v2\/comments?post=146"}],"version-history":[{"count":1,"href":"https:\/\/kuenstlerischesgestalten.architektur.rptu.de\/index.php\/wp-json\/wp\/v2\/pages\/146\/revisions"}],"predecessor-version":[{"id":147,"href":"https:\/\/kuenstlerischesgestalten.architektur.rptu.de\/index.php\/wp-json\/wp\/v2\/pages\/146\/revisions\/147"}],"wp:attachment":[{"href":"https:\/\/kuenstlerischesgestalten.architektur.rptu.de\/index.php\/wp-json\/wp\/v2\/media?parent=146"}],"curies":[{"name":"wp","href":"https:\/\/api.w.org\/{rel}","templated":true}]}}