{"id":148,"date":"2025-10-09T22:47:41","date_gmt":"2025-10-09T20:47:41","guid":{"rendered":"https:\/\/kuenstlerischesgestalten.architektur.rptu.de\/?page_id=148"},"modified":"2025-10-09T22:47:41","modified_gmt":"2025-10-09T20:47:41","slug":"kuenstlerisches-arbeiten-_-grundlagen","status":"publish","type":"page","link":"https:\/\/kuenstlerischesgestalten.architektur.rptu.de\/index.php\/kuenstlerisches-arbeiten-_-grundlagen\/","title":{"rendered":"K\u00fcnstlerisches Arbeiten _ Grundlagen"},"content":{"rendered":"\n<p>Der Jahreskurs befasst sich theoretisch und bildnerisch-praktisch mit \u00e4sthetischen Inhalten, Prozessen und Maximen, die mit der Arbeit am architektonischen Entwurf in Verbindung stehen.<br>Die k\u00fcnstlerischen Werkzeuge, Methoden und Strategien er\u00f6ffnen ein komplexer werdendes Feld von Zusammenh\u00e4ngen zwischen dem Wahrnehmen und dem Darstellen von Raum, denn sie k\u00f6nnen die allgemeine G\u00fcltigkeit kultureller Codes der Bildkommunikation ignorieren und den Einfluss hinterfragen, den diese Codes auf die visuelle Wahrnehmung einer Situation haben.<\/p>\n\n\n\n<p>Die \u00dcbungen fokussieren auf den kontinuierlichen Transfer zwischen dem zwei- und dem dreidimensionalen Denken. Sie vermitteln Wissen um Formgesetze und Material, fordern gedankliche und formale Abstraktionsleistungen. Individuelle St\u00e4rken k\u00f6nnen gefunden und zum Ausdruck gebracht werden.<br>Die Vorlesungen diskutieren grundlegendes Bildwissen. Sie fragen nach den Fundamenten zeitgen\u00f6ssischen \u00e4sthetischen Urteilens.&nbsp;<br>Theorie und Praxis verschr\u00e4nken sich im verantwortungsvollen \u00e4sthetischen Handeln.<\/p>\n\n\n\n<p>Beginn: 28.10.2025, 14:00 bis 17:15 Uhr<\/p>\n\n\n\n<p>Raum 1-U03<br><br>Prof. Heike Kern und Team<\/p>\n","protected":false},"excerpt":{"rendered":"<p>Der Jahreskurs befasst sich theoretisch und bildnerisch-praktisch mit \u00e4sthetischen Inhalten, Prozessen und Maximen, die mit der Arbeit am architektonischen Entwurf in Verbindung stehen.Die k\u00fcnstlerischen Werkzeuge, Methoden und Strategien er\u00f6ffnen ein komplexer werdendes Feld von Zusammenh\u00e4ngen zwischen dem Wahrnehmen und dem Darstellen von Raum, denn sie k\u00f6nnen die allgemeine G\u00fcltigkeit kultureller Codes der Bildkommunikation ignorieren und [&hellip;]<\/p>\n","protected":false},"author":1,"featured_media":0,"parent":0,"menu_order":0,"comment_status":"closed","ping_status":"closed","template":"","meta":{"footnotes":""},"class_list":["post-148","page","type-page","status-publish","hentry"],"_links":{"self":[{"href":"https:\/\/kuenstlerischesgestalten.architektur.rptu.de\/index.php\/wp-json\/wp\/v2\/pages\/148","targetHints":{"allow":["GET"]}}],"collection":[{"href":"https:\/\/kuenstlerischesgestalten.architektur.rptu.de\/index.php\/wp-json\/wp\/v2\/pages"}],"about":[{"href":"https:\/\/kuenstlerischesgestalten.architektur.rptu.de\/index.php\/wp-json\/wp\/v2\/types\/page"}],"author":[{"embeddable":true,"href":"https:\/\/kuenstlerischesgestalten.architektur.rptu.de\/index.php\/wp-json\/wp\/v2\/users\/1"}],"replies":[{"embeddable":true,"href":"https:\/\/kuenstlerischesgestalten.architektur.rptu.de\/index.php\/wp-json\/wp\/v2\/comments?post=148"}],"version-history":[{"count":1,"href":"https:\/\/kuenstlerischesgestalten.architektur.rptu.de\/index.php\/wp-json\/wp\/v2\/pages\/148\/revisions"}],"predecessor-version":[{"id":149,"href":"https:\/\/kuenstlerischesgestalten.architektur.rptu.de\/index.php\/wp-json\/wp\/v2\/pages\/148\/revisions\/149"}],"wp:attachment":[{"href":"https:\/\/kuenstlerischesgestalten.architektur.rptu.de\/index.php\/wp-json\/wp\/v2\/media?parent=148"}],"curies":[{"name":"wp","href":"https:\/\/api.w.org\/{rel}","templated":true}]}}