{"id":154,"date":"2025-10-09T22:54:08","date_gmt":"2025-10-09T20:54:08","guid":{"rendered":"https:\/\/kuenstlerischesgestalten.architektur.rptu.de\/?page_id=154"},"modified":"2025-10-09T22:54:08","modified_gmt":"2025-10-09T20:54:08","slug":"schaetze-am-niederrhein","status":"publish","type":"page","link":"https:\/\/kuenstlerischesgestalten.architektur.rptu.de\/index.php\/schaetze-am-niederrhein\/","title":{"rendered":"Sch\u00e4tze am Niederrhein"},"content":{"rendered":"\n<p>Wir besuchen herausragende Museumsarchitekturen und Sammlungen in<\/p>\n\n\n\n<p>K\u00f6ln: Kolumba (Zumthor), Museum Ludwig + Simultanhalle,MAKK (Schwarz), Wallraf-Richartz-Museum (Ungers)<\/p>\n\n\n\n<p>Hombroich: Museumsinsel (Heerich), Raketenstation,Langen Foundation, Skulpturenhalle<\/p>\n\n\n\n<p>Neuss (Sch\u00fctte), Siza-Pavillon<\/p>\n\n\n\n<p>Krefeld: Museum Haus Lange + Haus Esters (Mies), Kaiser-Wilhelm-Museum<\/p>\n\n\n\n<p>Duisburg: Museum K\u00fcppersm\u00fchle (Herzog &amp; de Meuron), Lehmbruck-Museum<\/p>\n\n\n\n<p>Recklinghausen: Kunsthalle<\/p>\n\n\n\n<p>Marl: Skulpturenmuseum Glaskasten.<\/p>\n\n\n\n<p>Eintritte insgesamt ca. 70 \u20ac<\/p>\n\n\n\n<p>Zeitraum: wahrscheinlich 26.05. bis 31.05.2025<\/p>\n\n\n\n<p>Die genauen Reisetage sind noch nicht festgelegt. Erstes verbindliches Treffen und Einf\u00fchrung in das Exkursionsprogramm am 05.02.2025 von 15:00 bis 16:00 Uhr in der Plastik, Raum U03.<\/p>\n\n\n\n<p><strong>Beginn: 1. Treffen am 05.02.2025, 15:00 &#8211; 16:00 Uhr<\/strong><\/p>\n\n\n\n<p><strong>Ort: Raum 1-U03<\/strong><\/p>\n\n\n\n<p>Dozentinnen: Prof. Heike Kern, Ronia Adl-Tabatabai, Valentina Jaff\u00e9<\/p>\n\n\n\n<p><\/p>\n","protected":false},"excerpt":{"rendered":"<p>Wir besuchen herausragende Museumsarchitekturen und Sammlungen in K\u00f6ln: Kolumba (Zumthor), Museum Ludwig + Simultanhalle,MAKK (Schwarz), Wallraf-Richartz-Museum (Ungers) Hombroich: Museumsinsel (Heerich), Raketenstation,Langen Foundation, Skulpturenhalle Neuss (Sch\u00fctte), Siza-Pavillon Krefeld: Museum Haus Lange + Haus Esters (Mies), Kaiser-Wilhelm-Museum Duisburg: Museum K\u00fcppersm\u00fchle (Herzog &amp; de Meuron), Lehmbruck-Museum Recklinghausen: Kunsthalle Marl: Skulpturenmuseum Glaskasten. Eintritte insgesamt ca. 70 \u20ac Zeitraum: wahrscheinlich [&hellip;]<\/p>\n","protected":false},"author":1,"featured_media":0,"parent":0,"menu_order":0,"comment_status":"closed","ping_status":"closed","template":"","meta":{"footnotes":""},"class_list":["post-154","page","type-page","status-publish","hentry"],"_links":{"self":[{"href":"https:\/\/kuenstlerischesgestalten.architektur.rptu.de\/index.php\/wp-json\/wp\/v2\/pages\/154","targetHints":{"allow":["GET"]}}],"collection":[{"href":"https:\/\/kuenstlerischesgestalten.architektur.rptu.de\/index.php\/wp-json\/wp\/v2\/pages"}],"about":[{"href":"https:\/\/kuenstlerischesgestalten.architektur.rptu.de\/index.php\/wp-json\/wp\/v2\/types\/page"}],"author":[{"embeddable":true,"href":"https:\/\/kuenstlerischesgestalten.architektur.rptu.de\/index.php\/wp-json\/wp\/v2\/users\/1"}],"replies":[{"embeddable":true,"href":"https:\/\/kuenstlerischesgestalten.architektur.rptu.de\/index.php\/wp-json\/wp\/v2\/comments?post=154"}],"version-history":[{"count":1,"href":"https:\/\/kuenstlerischesgestalten.architektur.rptu.de\/index.php\/wp-json\/wp\/v2\/pages\/154\/revisions"}],"predecessor-version":[{"id":155,"href":"https:\/\/kuenstlerischesgestalten.architektur.rptu.de\/index.php\/wp-json\/wp\/v2\/pages\/154\/revisions\/155"}],"wp:attachment":[{"href":"https:\/\/kuenstlerischesgestalten.architektur.rptu.de\/index.php\/wp-json\/wp\/v2\/media?parent=154"}],"curies":[{"name":"wp","href":"https:\/\/api.w.org\/{rel}","templated":true}]}}