{"id":156,"date":"2025-10-09T22:57:08","date_gmt":"2025-10-09T20:57:08","guid":{"rendered":"https:\/\/kuenstlerischesgestalten.architektur.rptu.de\/?page_id=156"},"modified":"2025-10-09T22:57:08","modified_gmt":"2025-10-09T20:57:08","slug":"der-anatomische-raum","status":"publish","type":"page","link":"https:\/\/kuenstlerischesgestalten.architektur.rptu.de\/index.php\/der-anatomische-raum\/","title":{"rendered":"Der anatomische Raum"},"content":{"rendered":"\n<p>Im Mittelpunkt steht der menschliche K\u00f6rper \u2013 sein Aufbau, seine Formen und der Raum, den er braucht, um sich bewegen und ausdr\u00fccken zu k\u00f6nnen. Dieser Raum wird gerne geometrisch beschrieben und als etwas Allgemeines verstanden, als etwas, das alle K\u00f6rper betrifft. Man kann den K\u00f6rper aber auch als Organ auffassen: Er ist weich und warm, in seinen Abmessungen variabel, durch den Atem zum Beispiel oder durch die Schwerkraft am Ende eines Tages kleiner als am Morgen. K\u00f6rper ist niemals abstrakt, schafft immer Situationen. Das Projekt ist an das Seminar \u201eAkt\u201c gekoppelt, denn Ihre Arbeit sollte von einem kontinuierlichen zeichnenden Beobachten getragen sein. Das wird Ihnen Sicherheit geben und die Pr\u00e4zision in der Verbindung von Wahrnehmen und Denken unterst\u00fctzen. Im Projekt werden Sie den anatomischen Raum zeichnerisch und plastisch untersuchen. Die Dimensionen Ihrer Arbeiten k\u00f6nnen hier von den Gr\u00f6\u00dfen Ihrer eigenen K\u00f6rper abgeleitet werden.<\/p>\n\n\n\n<p>Beginn: 23.04.2025, 10:00 bis 13:00 Uhr<\/p>\n\n\n\n<p>Ort: Raum 1-070 (Grafik)<\/p>\n\n\n\n<p>Dozentin: Prof. Heike Kern<\/p>\n\n\n\n<p><\/p>\n","protected":false},"excerpt":{"rendered":"<p>Im Mittelpunkt steht der menschliche K\u00f6rper \u2013 sein Aufbau, seine Formen und der Raum, den er braucht, um sich bewegen und ausdr\u00fccken zu k\u00f6nnen. Dieser Raum wird gerne geometrisch beschrieben und als etwas Allgemeines verstanden, als etwas, das alle K\u00f6rper betrifft. Man kann den K\u00f6rper aber auch als Organ auffassen: Er ist weich und warm, [&hellip;]<\/p>\n","protected":false},"author":1,"featured_media":0,"parent":0,"menu_order":0,"comment_status":"closed","ping_status":"closed","template":"","meta":{"footnotes":""},"class_list":["post-156","page","type-page","status-publish","hentry"],"_links":{"self":[{"href":"https:\/\/kuenstlerischesgestalten.architektur.rptu.de\/index.php\/wp-json\/wp\/v2\/pages\/156","targetHints":{"allow":["GET"]}}],"collection":[{"href":"https:\/\/kuenstlerischesgestalten.architektur.rptu.de\/index.php\/wp-json\/wp\/v2\/pages"}],"about":[{"href":"https:\/\/kuenstlerischesgestalten.architektur.rptu.de\/index.php\/wp-json\/wp\/v2\/types\/page"}],"author":[{"embeddable":true,"href":"https:\/\/kuenstlerischesgestalten.architektur.rptu.de\/index.php\/wp-json\/wp\/v2\/users\/1"}],"replies":[{"embeddable":true,"href":"https:\/\/kuenstlerischesgestalten.architektur.rptu.de\/index.php\/wp-json\/wp\/v2\/comments?post=156"}],"version-history":[{"count":1,"href":"https:\/\/kuenstlerischesgestalten.architektur.rptu.de\/index.php\/wp-json\/wp\/v2\/pages\/156\/revisions"}],"predecessor-version":[{"id":157,"href":"https:\/\/kuenstlerischesgestalten.architektur.rptu.de\/index.php\/wp-json\/wp\/v2\/pages\/156\/revisions\/157"}],"wp:attachment":[{"href":"https:\/\/kuenstlerischesgestalten.architektur.rptu.de\/index.php\/wp-json\/wp\/v2\/media?parent=156"}],"curies":[{"name":"wp","href":"https:\/\/api.w.org\/{rel}","templated":true}]}}