{"id":162,"date":"2025-10-09T23:05:18","date_gmt":"2025-10-09T21:05:18","guid":{"rendered":"https:\/\/kuenstlerischesgestalten.architektur.rptu.de\/?page_id=162"},"modified":"2025-10-09T23:06:32","modified_gmt":"2025-10-09T21:06:32","slug":"blassgrellsatt","status":"publish","type":"page","link":"https:\/\/kuenstlerischesgestalten.architektur.rptu.de\/index.php\/blassgrellsatt\/","title":{"rendered":"BlassGrellSatt"},"content":{"rendered":"\n<p>Was ist Farbe und was macht sie mit uns? Als Malerinnen besch\u00e4ftigen wir uns immerw\u00e4hrend mit Farbe. Wir schichten sie \u00fcber- und setzen sie nebeneinander. Wir suchen nach spannenden Beziehungen und Kontrasten. Aber je mehr wir uns damit besch\u00e4ftigen, desto gr\u00f6\u00dfer und \u00fcberw\u00e4ltigender werden die M\u00f6glichkeiten, die sich er\u00f6ffnen. Keine Klarheit stellt sich ein, keine Antwort ist in Sicht.<br>Das Seminar fragt praktisch und theoretisch, was Farbe sein kann. Sie stellen zum Beispiel selbst Aquarell- und Eitempera her, ertasten die Grenzen Ihrer Farbwahrnehmung und -empfindung, untersuchen R\u00e4ume auf ihre Farbpalette hin usw.<br>Das Seminar findet montags von 11 bis 17 Uhr statt &#8211; mit Mittagspause &#8211; und endet bereits am 16.12. Fest eingeplant ist eine Exkursion in die Kunsthalle Mannheim und das Wilhelm-Hack-Museum Ludwigshafen am 16.11. von 10:00 bis 18:00 Uhr. <br>Der Leistungsnachweis wird durch kontinuierliche Mitarbeit, ein Referat, Ihre Teilnahme an der Exkursion sowie eine praktische Abschlussarbeit erbracht. <\/p>\n\n\n\n<p>Bitte rechnen Sie mit einem Unkostenbeitrag von 50 Euro f\u00fcr Lekt\u00fcre, Arbeitsmaterial und Exkursion.<\/p>\n\n\n\n<p>Beginn: 28.10.24, 11:00 Uhr<\/p>\n\n\n\n<p>Ort: Geb\u00e4ude 1, Raum 170 (Zeichensaal)<br>Dozentinnen: Ronia Adl-Tabatabai; Valentina Jaff\u00e9<\/p>\n\n\n\n<p><\/p>\n","protected":false},"excerpt":{"rendered":"<p>Was ist Farbe und was macht sie mit uns? Als Malerinnen besch\u00e4ftigen wir uns immerw\u00e4hrend mit Farbe. Wir schichten sie \u00fcber- und setzen sie nebeneinander. Wir suchen nach spannenden Beziehungen und Kontrasten. Aber je mehr wir uns damit besch\u00e4ftigen, desto gr\u00f6\u00dfer und \u00fcberw\u00e4ltigender werden die M\u00f6glichkeiten, die sich er\u00f6ffnen. Keine Klarheit stellt sich ein, keine [&hellip;]<\/p>\n","protected":false},"author":1,"featured_media":0,"parent":0,"menu_order":0,"comment_status":"closed","ping_status":"closed","template":"","meta":{"footnotes":""},"class_list":["post-162","page","type-page","status-publish","hentry"],"_links":{"self":[{"href":"https:\/\/kuenstlerischesgestalten.architektur.rptu.de\/index.php\/wp-json\/wp\/v2\/pages\/162","targetHints":{"allow":["GET"]}}],"collection":[{"href":"https:\/\/kuenstlerischesgestalten.architektur.rptu.de\/index.php\/wp-json\/wp\/v2\/pages"}],"about":[{"href":"https:\/\/kuenstlerischesgestalten.architektur.rptu.de\/index.php\/wp-json\/wp\/v2\/types\/page"}],"author":[{"embeddable":true,"href":"https:\/\/kuenstlerischesgestalten.architektur.rptu.de\/index.php\/wp-json\/wp\/v2\/users\/1"}],"replies":[{"embeddable":true,"href":"https:\/\/kuenstlerischesgestalten.architektur.rptu.de\/index.php\/wp-json\/wp\/v2\/comments?post=162"}],"version-history":[{"count":3,"href":"https:\/\/kuenstlerischesgestalten.architektur.rptu.de\/index.php\/wp-json\/wp\/v2\/pages\/162\/revisions"}],"predecessor-version":[{"id":165,"href":"https:\/\/kuenstlerischesgestalten.architektur.rptu.de\/index.php\/wp-json\/wp\/v2\/pages\/162\/revisions\/165"}],"wp:attachment":[{"href":"https:\/\/kuenstlerischesgestalten.architektur.rptu.de\/index.php\/wp-json\/wp\/v2\/media?parent=162"}],"curies":[{"name":"wp","href":"https:\/\/api.w.org\/{rel}","templated":true}]}}