{"id":214,"date":"2025-10-25T21:44:39","date_gmt":"2025-10-25T19:44:39","guid":{"rendered":"https:\/\/kuenstlerischesgestalten.architektur.rptu.de\/?page_id=214"},"modified":"2025-10-25T21:53:05","modified_gmt":"2025-10-25T19:53:05","slug":"akt","status":"publish","type":"page","link":"https:\/\/kuenstlerischesgestalten.architektur.rptu.de\/index.php\/akt\/","title":{"rendered":"Akt"},"content":{"rendered":"\n<p>Die Entscheidung, ausgerechnet in diesem Sommer einen Aktzeichenkurs anzubieten, ist das Ergebnis einer Gedankenreihe: 1) In Zeiten gro\u00dfer Ungewissheit und Irritation lohnt es sich, das Unzweideutige und das tats\u00e4chlich Sichtbare in den Mittelpunkt zu stellen. 2) Zeichnen f\u00f6rdert das Wahrnehmen des Sichtbaren und fordert permanent eindeutige Entscheidungen. 3) Nichts f\u00f6rdert die Fertigkeit des Zeichnens so sehr, wie das Studium des menschlichen Akts. 4) Also machen wir das doch!<\/p>\n\n\n\n<p>Sie werden die K\u00f6rper von verschiedenen lebenden Menschen studieren, die uns wechselweise Modell stehen. Das Honorar f\u00fcr die Modelle m\u00fcssen wir gemeinsam aufbringen; je nach Teilnehmerzahl sind das etwa 4 bis 5 \u20ac pro Sitzung f\u00fcr jede\/n von Ihnen.<\/p>\n\n\n\n<p>Die Modelle werden verschiedene Posen einnehmen, so dass Sie eher skizzierend arbeiten. Das Unvollkommene wird also auch ein wichtiges Thema sein, das man praktisch ann\u00e4hern und theoretisch begleiten muss: Sie werden sich mit den Zeichnungen und Skulpturen der Impressionisten auseinandersetzen und begeistert sein, wie viel Freiheit diese Arbeiten zulassen.<\/p>\n\n\n\n<p>Beginn: 28.04.2025, 16:00 bis 19:00 Uhr<\/p>\n\n\n\n<p>Ort: Raum 1-170 (Zeichensaal)\u00a0<\/p>\n\n\n\n<p>Prof. Heike Kern und Team<\/p>\n","protected":false},"excerpt":{"rendered":"<p>Die Entscheidung, ausgerechnet in diesem Sommer einen Aktzeichenkurs anzubieten, ist das Ergebnis einer Gedankenreihe: 1) In Zeiten gro\u00dfer Ungewissheit und Irritation lohnt es sich, das Unzweideutige und das tats\u00e4chlich Sichtbare in den Mittelpunkt zu stellen. 2) Zeichnen f\u00f6rdert das Wahrnehmen des Sichtbaren und fordert permanent eindeutige Entscheidungen. 3) Nichts f\u00f6rdert die Fertigkeit des Zeichnens so [&hellip;]<\/p>\n","protected":false},"author":1,"featured_media":0,"parent":0,"menu_order":0,"comment_status":"closed","ping_status":"closed","template":"","meta":{"footnotes":""},"class_list":["post-214","page","type-page","status-publish","hentry"],"_links":{"self":[{"href":"https:\/\/kuenstlerischesgestalten.architektur.rptu.de\/index.php\/wp-json\/wp\/v2\/pages\/214","targetHints":{"allow":["GET"]}}],"collection":[{"href":"https:\/\/kuenstlerischesgestalten.architektur.rptu.de\/index.php\/wp-json\/wp\/v2\/pages"}],"about":[{"href":"https:\/\/kuenstlerischesgestalten.architektur.rptu.de\/index.php\/wp-json\/wp\/v2\/types\/page"}],"author":[{"embeddable":true,"href":"https:\/\/kuenstlerischesgestalten.architektur.rptu.de\/index.php\/wp-json\/wp\/v2\/users\/1"}],"replies":[{"embeddable":true,"href":"https:\/\/kuenstlerischesgestalten.architektur.rptu.de\/index.php\/wp-json\/wp\/v2\/comments?post=214"}],"version-history":[{"count":2,"href":"https:\/\/kuenstlerischesgestalten.architektur.rptu.de\/index.php\/wp-json\/wp\/v2\/pages\/214\/revisions"}],"predecessor-version":[{"id":216,"href":"https:\/\/kuenstlerischesgestalten.architektur.rptu.de\/index.php\/wp-json\/wp\/v2\/pages\/214\/revisions\/216"}],"wp:attachment":[{"href":"https:\/\/kuenstlerischesgestalten.architektur.rptu.de\/index.php\/wp-json\/wp\/v2\/media?parent=214"}],"curies":[{"name":"wp","href":"https:\/\/api.w.org\/{rel}","templated":true}]}}