{"id":217,"date":"2025-10-25T21:53:51","date_gmt":"2025-10-25T19:53:51","guid":{"rendered":"https:\/\/kuenstlerischesgestalten.architektur.rptu.de\/?page_id=217"},"modified":"2025-10-25T21:53:51","modified_gmt":"2025-10-25T19:53:51","slug":"nichts-ii-im-fluiden","status":"publish","type":"page","link":"https:\/\/kuenstlerischesgestalten.architektur.rptu.de\/index.php\/nichts-ii-im-fluiden\/","title":{"rendered":"Nichts II &#8211; Im Fluiden"},"content":{"rendered":"\n<p><strong>Nichts II \u2013 im Fluiden<\/strong><\/p>\n\n\n\n<p>Es ist \u201enicht nur eine Substanz, es ist die Idee ihrer unendlichen Transformation; es ist [\u2026] die sichtbar gemachte Allgegenwart. \u00dcbrigens ist es gerade deshalb ein wunderbarer Stoff: Ein Wunder ist immer eine pl\u00f6tzliche Transformation der Natur. [\u2026] Es ist weniger Objekt als Spur einer Bewegung.\u201c Roland Barthes: Mythen des Alltags, Berlin 2010 (frz. Original: Mythologies, Paris 1957), S.223. Lange Zeit galt Unzerst\u00f6rbarkeit und ein vorgestelltes \u00dcberdauern bis in alle Ewigkeit als Maxime menschlichen Handelns. Durch den ver\u00e4nderten Gebrauch von Material und die Erfindung neuer Materialien im Laufe des 20. Jahrhunderts muss diese Vorstellung hinterfragt werden. Auch weil immer bewusster wird, dass selbst als ewig angenommene Werkstoffe wie Metalle und Stein stetiger Transformation ausgesetzt sind. Inwiefern f\u00fchrt dies zu einem ver\u00e4nderten Umgang mit unserer Umwelt? Wie k\u00f6nnen wir auf diese Beobachtungen reagieren oder diesen gerecht werden?<br>Wir arbeiten stetig in einer Werkstatt an eigenen Projekten, eine Beobachtung kann zur n\u00e4chsten f\u00fchren, Transformation und Ver\u00e4nderung sind essenzieller Bestandteil der Arbeit. Wir arbeiten analog im Ma\u00dfstab 1:1. Unterst\u00fctzt wird Ihre eigene k\u00fcnstlerisch-gestalterische Arbeit durch theoretische Reflexionen und die Auseinandersetzung mit k\u00fcnstlerischen Positionen.<\/p>\n\n\n\n<p>Beginn: 30.10.2023, 10:00 Uhr<br>Ort: Geb\u00e4ude 1, Raum U03 (Plastik)<br>Dozent: Marcel Weber<\/p>\n","protected":false},"excerpt":{"rendered":"<p>Nichts II \u2013 im Fluiden Es ist \u201enicht nur eine Substanz, es ist die Idee ihrer unendlichen Transformation; es ist [\u2026] die sichtbar gemachte Allgegenwart. \u00dcbrigens ist es gerade deshalb ein wunderbarer Stoff: Ein Wunder ist immer eine pl\u00f6tzliche Transformation der Natur. [\u2026] Es ist weniger Objekt als Spur einer Bewegung.\u201c Roland Barthes: Mythen des [&hellip;]<\/p>\n","protected":false},"author":1,"featured_media":0,"parent":0,"menu_order":0,"comment_status":"closed","ping_status":"closed","template":"","meta":{"footnotes":""},"class_list":["post-217","page","type-page","status-publish","hentry"],"_links":{"self":[{"href":"https:\/\/kuenstlerischesgestalten.architektur.rptu.de\/index.php\/wp-json\/wp\/v2\/pages\/217","targetHints":{"allow":["GET"]}}],"collection":[{"href":"https:\/\/kuenstlerischesgestalten.architektur.rptu.de\/index.php\/wp-json\/wp\/v2\/pages"}],"about":[{"href":"https:\/\/kuenstlerischesgestalten.architektur.rptu.de\/index.php\/wp-json\/wp\/v2\/types\/page"}],"author":[{"embeddable":true,"href":"https:\/\/kuenstlerischesgestalten.architektur.rptu.de\/index.php\/wp-json\/wp\/v2\/users\/1"}],"replies":[{"embeddable":true,"href":"https:\/\/kuenstlerischesgestalten.architektur.rptu.de\/index.php\/wp-json\/wp\/v2\/comments?post=217"}],"version-history":[{"count":1,"href":"https:\/\/kuenstlerischesgestalten.architektur.rptu.de\/index.php\/wp-json\/wp\/v2\/pages\/217\/revisions"}],"predecessor-version":[{"id":218,"href":"https:\/\/kuenstlerischesgestalten.architektur.rptu.de\/index.php\/wp-json\/wp\/v2\/pages\/217\/revisions\/218"}],"wp:attachment":[{"href":"https:\/\/kuenstlerischesgestalten.architektur.rptu.de\/index.php\/wp-json\/wp\/v2\/media?parent=217"}],"curies":[{"name":"wp","href":"https:\/\/api.w.org\/{rel}","templated":true}]}}