{"id":228,"date":"2025-10-25T22:15:08","date_gmt":"2025-10-25T20:15:08","guid":{"rendered":"https:\/\/kuenstlerischesgestalten.architektur.rptu.de\/?page_id=228"},"modified":"2025-10-25T22:15:21","modified_gmt":"2025-10-25T20:15:21","slug":"der-topf","status":"publish","type":"page","link":"https:\/\/kuenstlerischesgestalten.architektur.rptu.de\/index.php\/der-topf\/","title":{"rendered":"Der Topf"},"content":{"rendered":"\n<p>Konzepte entstehen in unseren K\u00f6pfen. Gedanken ordnen sich zueinander, werden vielseitige Gebilde und rufen schlie\u00dflich nach einem Material, in dem sie sich zeigen k\u00f6nnen.<\/p>\n\n\n\n<p>Ich kenne kein Material, das keine Eigenschaften hat. Immer werden irgendwelche Eigenschaften Gedanken, die ich hatte und die ich darstellen wollte, aus meinem Konzept rausschmei\u00dfen, weil nicht jedes Material alles darstellen kann. Immer wieder muss ich mein Konzept von den Vorgaben eines Materials \u00fcberpr\u00fcfen und korrigieren lassen. Schmerzlich stelle ich fest, dass fast nie der Gedanke siegt, aber fast immer der Stoff.<\/p>\n\n\n\n<p>Das Seminar hat Gl\u00fcck, denn den Anfang setzt nicht der Gedanke, sondern das Material. Ton: Der Stoff, mit dem <\/p>\n\n\n\n<p>Das Feld der Produkte ist entsprechend riesig und in der Literatur leider au\u00dferordentlich schlecht strukturiert gefasst. Ein \u00dcberblick soll im Seminar angen\u00e4hert werden. Grundkenntnisse zum Material wollen verstanden sein. Und dann kann es losgehen, mit eigenen Formulierungen durch und im Material, ganz klassisch \u00fcber das Kombinieren der stereometrischen Grundformen \u2013 so wie es immer schon war und sein wird. Der Stoff entscheidet mit und offenbart den Sch\u00f6pfer in seiner Hingabe an den Stoff.<\/p>\n\n\n\n<p>W\u00f6chentliches Modellieren bis Weihnachten, Beginn immer 14:00 Uhr mit offenem Ende (Abendwerkstatt). Brennen und Glasieren an 3 Terminen im neuen Jahr.<\/p>\n\n\n\n<p><\/p>\n\n\n\n<p>Beginn: 28.10.24, 14:00 Uhr<\/p>\n\n\n\n<p>Ort: Geb\u00e4ude 1, Raum U03 (Plastik)<\/p>\n\n\n\n<p>Dozentin: Prof. Heike Kern<\/p>\n","protected":false},"excerpt":{"rendered":"<p>Konzepte entstehen in unseren K\u00f6pfen. Gedanken ordnen sich zueinander, werden vielseitige Gebilde und rufen schlie\u00dflich nach einem Material, in dem sie sich zeigen k\u00f6nnen. Ich kenne kein Material, das keine Eigenschaften hat. Immer werden irgendwelche Eigenschaften Gedanken, die ich hatte und die ich darstellen wollte, aus meinem Konzept rausschmei\u00dfen, weil nicht jedes Material alles darstellen [&hellip;]<\/p>\n","protected":false},"author":1,"featured_media":0,"parent":0,"menu_order":0,"comment_status":"closed","ping_status":"closed","template":"","meta":{"footnotes":""},"class_list":["post-228","page","type-page","status-publish","hentry"],"_links":{"self":[{"href":"https:\/\/kuenstlerischesgestalten.architektur.rptu.de\/index.php\/wp-json\/wp\/v2\/pages\/228","targetHints":{"allow":["GET"]}}],"collection":[{"href":"https:\/\/kuenstlerischesgestalten.architektur.rptu.de\/index.php\/wp-json\/wp\/v2\/pages"}],"about":[{"href":"https:\/\/kuenstlerischesgestalten.architektur.rptu.de\/index.php\/wp-json\/wp\/v2\/types\/page"}],"author":[{"embeddable":true,"href":"https:\/\/kuenstlerischesgestalten.architektur.rptu.de\/index.php\/wp-json\/wp\/v2\/users\/1"}],"replies":[{"embeddable":true,"href":"https:\/\/kuenstlerischesgestalten.architektur.rptu.de\/index.php\/wp-json\/wp\/v2\/comments?post=228"}],"version-history":[{"count":2,"href":"https:\/\/kuenstlerischesgestalten.architektur.rptu.de\/index.php\/wp-json\/wp\/v2\/pages\/228\/revisions"}],"predecessor-version":[{"id":230,"href":"https:\/\/kuenstlerischesgestalten.architektur.rptu.de\/index.php\/wp-json\/wp\/v2\/pages\/228\/revisions\/230"}],"wp:attachment":[{"href":"https:\/\/kuenstlerischesgestalten.architektur.rptu.de\/index.php\/wp-json\/wp\/v2\/media?parent=228"}],"curies":[{"name":"wp","href":"https:\/\/api.w.org\/{rel}","templated":true}]}}