{"id":232,"date":"2025-10-25T22:19:45","date_gmt":"2025-10-25T20:19:45","guid":{"rendered":"https:\/\/kuenstlerischesgestalten.architektur.rptu.de\/?page_id=232"},"modified":"2025-10-25T22:19:45","modified_gmt":"2025-10-25T20:19:45","slug":"linie-sucht-flaeche","status":"publish","type":"page","link":"https:\/\/kuenstlerischesgestalten.architektur.rptu.de\/index.php\/linie-sucht-flaeche\/","title":{"rendered":"Linie sucht Fl\u00e4che"},"content":{"rendered":"\n<p>Schon mit der geringsten Setzung \u2013 dem Ziehen einer Geraden auf einem St\u00fcck Papier \u2013 entsteht eine R\u00e4umlichkeit, die nicht nur die Form des eigentlich Gezeichneten umfasst, sondern auch einen Umraum vorstellt.<\/p>\n\n\n\n<p>Warum sehen wir das so? Warum sind wir damit zufrieden, dass eine einzige Linie zwei v\u00f6llig verschiedene Dinge beschreibt? Warum \u00fcbersehen wir die Absurdit\u00e4t dieses Nicht-Eindeutigen so gerne? Wie verhalten sich dreidimensionale K\u00f6rper und ihre zweidimensionalen Darstellungen also tats\u00e4chlich zueinander?<\/p>\n\n\n\n<p>Diese Fragen machen mich schon lange verr\u00fcckt (eine finale L\u00f6sung ist nicht in Sicht). Ich verstehe sie als Motor und Herausforderung, die un\u00fcberschaubar viele Handlungsfelder er\u00f6ffnen kann.<\/p>\n\n\n\n<p>Der Entwurf beginnt mit einer \u00dcbung und dem intensiven praktischen Austausch dar\u00fcber, um das Themenfeld zu \u00f6ffnen. Sie werden an eigenen Fragestellungen arbeiten, analog, in kleinen und gro\u00dfen Formaten, im kontinuierlichen Transfer zwischen dem zwei- und dem dreidimensionalen Darstellen.<\/p>\n\n\n\n<p>Beginn: Mittwoch, 24.04.2024, 10:00 Uhr<br>Ort: 1-U03<br>Dozentin: Prof. Heike Kern<\/p>\n\n\n\n<p><strong>Line seeks area<\/strong><\/p>\n\n\n\n<p>Even the slightest placement \u2013 drawing a straight line on a piece of paper \u2013 creates a spatiality that not only encompasses the form of what is actually drawn, but also imagines a surrounding space.<\/p>\n\n\n\n<p>Why do we see it that way? Why are we satisfied with the fact that a single line describes two completely different things? Why do we so readily overlook the absurdity of this non-uniqueness? So how do three-dimensional bodies and their two-dimensional representations actually relate to each other?<\/p>\n\n\n\n<p>These questions have been driving me crazy for a long time (a final solution is not in sight). I see them as a driving force and a challenge that can open up an immense number of fields of action.<\/p>\n\n\n\n<p>The class begins with an exercise and an intensive practical exchange in order to open up the subject area. You will work on your own questions, analogue, in small and large formats, in a continuous transfer between two- and three-dimensional representation.<\/p>\n\n\n\n<p><\/p>\n","protected":false},"excerpt":{"rendered":"<p>Schon mit der geringsten Setzung \u2013 dem Ziehen einer Geraden auf einem St\u00fcck Papier \u2013 entsteht eine R\u00e4umlichkeit, die nicht nur die Form des eigentlich Gezeichneten umfasst, sondern auch einen Umraum vorstellt. Warum sehen wir das so? Warum sind wir damit zufrieden, dass eine einzige Linie zwei v\u00f6llig verschiedene Dinge beschreibt? Warum \u00fcbersehen wir die [&hellip;]<\/p>\n","protected":false},"author":1,"featured_media":0,"parent":0,"menu_order":0,"comment_status":"closed","ping_status":"closed","template":"","meta":{"footnotes":""},"class_list":["post-232","page","type-page","status-publish","hentry"],"_links":{"self":[{"href":"https:\/\/kuenstlerischesgestalten.architektur.rptu.de\/index.php\/wp-json\/wp\/v2\/pages\/232","targetHints":{"allow":["GET"]}}],"collection":[{"href":"https:\/\/kuenstlerischesgestalten.architektur.rptu.de\/index.php\/wp-json\/wp\/v2\/pages"}],"about":[{"href":"https:\/\/kuenstlerischesgestalten.architektur.rptu.de\/index.php\/wp-json\/wp\/v2\/types\/page"}],"author":[{"embeddable":true,"href":"https:\/\/kuenstlerischesgestalten.architektur.rptu.de\/index.php\/wp-json\/wp\/v2\/users\/1"}],"replies":[{"embeddable":true,"href":"https:\/\/kuenstlerischesgestalten.architektur.rptu.de\/index.php\/wp-json\/wp\/v2\/comments?post=232"}],"version-history":[{"count":1,"href":"https:\/\/kuenstlerischesgestalten.architektur.rptu.de\/index.php\/wp-json\/wp\/v2\/pages\/232\/revisions"}],"predecessor-version":[{"id":233,"href":"https:\/\/kuenstlerischesgestalten.architektur.rptu.de\/index.php\/wp-json\/wp\/v2\/pages\/232\/revisions\/233"}],"wp:attachment":[{"href":"https:\/\/kuenstlerischesgestalten.architektur.rptu.de\/index.php\/wp-json\/wp\/v2\/media?parent=232"}],"curies":[{"name":"wp","href":"https:\/\/api.w.org\/{rel}","templated":true}]}}