{"id":234,"date":"2025-10-25T22:21:16","date_gmt":"2025-10-25T20:21:16","guid":{"rendered":"https:\/\/kuenstlerischesgestalten.architektur.rptu.de\/?page_id=234"},"modified":"2025-10-25T22:21:16","modified_gmt":"2025-10-25T20:21:16","slug":"kuenstlerisches-arbeiten-grundlagen-2","status":"publish","type":"page","link":"https:\/\/kuenstlerischesgestalten.architektur.rptu.de\/index.php\/kuenstlerisches-arbeiten-grundlagen-2\/","title":{"rendered":"K\u00fcnstlerisches Arbeiten-Grundlagen"},"content":{"rendered":"\n<p>Der Jahreskurs befasst sich theoretisch und bildnerisch-praktisch mit \u00e4sthetischen Inhalten, Prozessen und Maximen, die mit dem architektonischen Denken direkt und indirekt in Zusammenhang stehen.<br>Die k\u00fcnstlerischen Werkzeuge, Methoden und Strategien er\u00f6ffnen ein komplexer werdendes Feld von Zusammenh\u00e4ngen zwischen dem Wahrnehmen und dem Darstellen von Raum, denn sie k\u00f6nnen die allgemeine G\u00fcltigkeit kultureller Codes der Bildkommunikation ignorieren und den Einfluss hinterfragen, den diese Codes auf die tats\u00e4chliche optische Wahrnehmung einer Situation haben.<\/p>\n\n\n\n<p>Die \u00dcbungen fokussieren auf den kontinuierlichen Transfer zwischen dem zwei- und dem dreidimensionalen Denken. Sie vermitteln Wissen um Formgesetze und Material, fordern gedankliche und formale Abstraktionsleistungen. Individuelle St\u00e4rken k\u00f6nnen gefunden und zum Ausdruck gebracht werden.<br>Die Vorlesungen diskutieren grundlegendes Bildwissen. Sie fragen nach den Fundamenten zeitgen\u00f6ssischen \u00e4sthetischen Urteilens.<br>Theorie und Praxis verschr\u00e4nken sich im verantwortungsvollen \u00e4sthetischen Handeln.<\/p>\n\n\n\n<p>Beginn: 31.10.2023, 13:45 Uhr<br>Ort: Geb\u00e4ude 1, Raum U03 (Plastik)<\/p>\n\n\n\n<p>Dozent*innen: Prof. Heike Kern, Paul Schuseil, Valentina Jaff\u00e9, Ronia Adl-Tabatabai<\/p>\n\n\n\n<p><strong>Artistic work \u2013 basics<\/strong><br>Perception and representation I<br>Artistic design<br>Prof. Heike Kern and team<\/p>\n\n\n\n<p>The annual course deals theoretically and practically with aesthetic content, processes and maxims that are directly and indirectly related to architectural thinking. The artistic tools, methods and strategies open up an increasingly complex field of connections between the perception and representation of space, because they can ignore the general validity of cultural codes of image communication and question the influence that these codes have on the actual visual perception of a situation.<\/p>\n\n\n\n<p>The exercises focus on the continuous transfer between two- and three-dimensional thinking. They impart knowledge about the laws of form and material, demand mental and formal abstraction. Individual strengths can be found and expressed. The lectures discuss basic pictorial knowledge. They ask about the foundations of contemporary aesthetic judgement. Theory and practice are intertwined in responsible aesthetic behaviour.<\/p>\n","protected":false},"excerpt":{"rendered":"<p>Der Jahreskurs befasst sich theoretisch und bildnerisch-praktisch mit \u00e4sthetischen Inhalten, Prozessen und Maximen, die mit dem architektonischen Denken direkt und indirekt in Zusammenhang stehen.Die k\u00fcnstlerischen Werkzeuge, Methoden und Strategien er\u00f6ffnen ein komplexer werdendes Feld von Zusammenh\u00e4ngen zwischen dem Wahrnehmen und dem Darstellen von Raum, denn sie k\u00f6nnen die allgemeine G\u00fcltigkeit kultureller Codes der Bildkommunikation ignorieren [&hellip;]<\/p>\n","protected":false},"author":1,"featured_media":0,"parent":0,"menu_order":0,"comment_status":"closed","ping_status":"closed","template":"","meta":{"footnotes":""},"class_list":["post-234","page","type-page","status-publish","hentry"],"_links":{"self":[{"href":"https:\/\/kuenstlerischesgestalten.architektur.rptu.de\/index.php\/wp-json\/wp\/v2\/pages\/234","targetHints":{"allow":["GET"]}}],"collection":[{"href":"https:\/\/kuenstlerischesgestalten.architektur.rptu.de\/index.php\/wp-json\/wp\/v2\/pages"}],"about":[{"href":"https:\/\/kuenstlerischesgestalten.architektur.rptu.de\/index.php\/wp-json\/wp\/v2\/types\/page"}],"author":[{"embeddable":true,"href":"https:\/\/kuenstlerischesgestalten.architektur.rptu.de\/index.php\/wp-json\/wp\/v2\/users\/1"}],"replies":[{"embeddable":true,"href":"https:\/\/kuenstlerischesgestalten.architektur.rptu.de\/index.php\/wp-json\/wp\/v2\/comments?post=234"}],"version-history":[{"count":1,"href":"https:\/\/kuenstlerischesgestalten.architektur.rptu.de\/index.php\/wp-json\/wp\/v2\/pages\/234\/revisions"}],"predecessor-version":[{"id":235,"href":"https:\/\/kuenstlerischesgestalten.architektur.rptu.de\/index.php\/wp-json\/wp\/v2\/pages\/234\/revisions\/235"}],"wp:attachment":[{"href":"https:\/\/kuenstlerischesgestalten.architektur.rptu.de\/index.php\/wp-json\/wp\/v2\/media?parent=234"}],"curies":[{"name":"wp","href":"https:\/\/api.w.org\/{rel}","templated":true}]}}