{"id":236,"date":"2025-10-25T22:22:13","date_gmt":"2025-10-25T20:22:13","guid":{"rendered":"https:\/\/kuenstlerischesgestalten.architektur.rptu.de\/?page_id=236"},"modified":"2025-10-25T22:22:13","modified_gmt":"2025-10-25T20:22:13","slug":"das-behaeltnis-verhaeltnis","status":"publish","type":"page","link":"https:\/\/kuenstlerischesgestalten.architektur.rptu.de\/index.php\/das-behaeltnis-verhaeltnis\/","title":{"rendered":"Das Beh\u00e4ltnis-Verh\u00e4ltnis"},"content":{"rendered":"\n<p>Die Dose f\u00fcr die Heidelbeeren der Sammler und der K\u00f6cher der J\u00e4gerinnen\u2026 vom Taufbecken zum Kanopenkasten. Menschen brauchen Hohlr\u00e4ume und schaffen sich die dazu n\u00f6tigen Objekte von Beginn an. Sie changieren zwischen Gebrauchsgegenstand und \u00e4sthetischem Objekt, zwischen profanem Mensa-Alltag und musealer Ehrfurcht. Ihr gemeinsames Ziel ist es den&nbsp;Inhalt von seiner Umwelt zu trennen.<\/p>\n\n\n\n<p>Die Seminarteilnehmer:innen tauchen ein in den Werkstoff Ton und untersuchen verschiedene Methoden, W\u00e4nde um einen Hohlraum zu bauen. Gearbeitet wird mit den H\u00e4nden und mit Werkzeugen. Die entstehenden Spuren werden fokussiert, provoziert und diskutiert; Gro\u00dfplastiken und Gef\u00e4\u00dfreihen werden konzipiert und realisiert.<\/p>\n\n\n\n<p>Es geht ausdr\u00fccklich nicht darum, ein h\u00fcbsches Teeservice herzustellen, sondern um k\u00fchne<\/p>\n\n\n\n<p>Schnitte in die Banalit\u00e4t, Quetschung des Handwerksbegriffs, um die Drehung der Benutzbarkeit, den Guss des Zusammenspiels zwischen K\u00f6rper und Objekt und die Glasur \u00fcber die Facetten der Gef\u00e4\u00dfkultur.<\/p>\n\n\n\n<p>Die Teilnehmerzahl ist auf Grund der materialintensiven praktischen Arbeit auf&nbsp;15 Personen begrenzt. Materialkosten (keramische Masse, Glasur..) tragen die Teilnehmer:innen selbst. Das Blockseminar findet in der vorlesungsfreien Zeit im Februar\/M\u00e4rz 2024 statt (konkrete Daten werden noch bekannt gegeben).<br>Interessierte tragen sich in den Olat-Kurs ein (PW: Beh\u00e4ltnis123), um per Mail \u00fcber den zeitlichen Ablauf informiert und zum ersten Treffen im Januar eingeladen zu werden. Zu diesem Treffen muss eine kleine Aufgabe bearbeitet werden, deren Ergebnis dann zur endg\u00fcltigen Teilnahme am Seminar qualifiziert.<\/p>\n\n\n\n<p>Beginn: Blockseminar Februar\/M\u00e4rz 2024<\/p>\n\n\n\n<p>Ort: Raum U03 (Plastik)<\/p>\n\n\n\n<p>Dozent*innen: Paula Kaminski, Paul Schuseil<\/p>\n","protected":false},"excerpt":{"rendered":"<p>Die Dose f\u00fcr die Heidelbeeren der Sammler und der K\u00f6cher der J\u00e4gerinnen\u2026 vom Taufbecken zum Kanopenkasten. Menschen brauchen Hohlr\u00e4ume und schaffen sich die dazu n\u00f6tigen Objekte von Beginn an. Sie changieren zwischen Gebrauchsgegenstand und \u00e4sthetischem Objekt, zwischen profanem Mensa-Alltag und musealer Ehrfurcht. Ihr gemeinsames Ziel ist es den&nbsp;Inhalt von seiner Umwelt zu trennen. Die Seminarteilnehmer:innen [&hellip;]<\/p>\n","protected":false},"author":1,"featured_media":0,"parent":0,"menu_order":0,"comment_status":"closed","ping_status":"closed","template":"","meta":{"footnotes":""},"class_list":["post-236","page","type-page","status-publish","hentry"],"_links":{"self":[{"href":"https:\/\/kuenstlerischesgestalten.architektur.rptu.de\/index.php\/wp-json\/wp\/v2\/pages\/236","targetHints":{"allow":["GET"]}}],"collection":[{"href":"https:\/\/kuenstlerischesgestalten.architektur.rptu.de\/index.php\/wp-json\/wp\/v2\/pages"}],"about":[{"href":"https:\/\/kuenstlerischesgestalten.architektur.rptu.de\/index.php\/wp-json\/wp\/v2\/types\/page"}],"author":[{"embeddable":true,"href":"https:\/\/kuenstlerischesgestalten.architektur.rptu.de\/index.php\/wp-json\/wp\/v2\/users\/1"}],"replies":[{"embeddable":true,"href":"https:\/\/kuenstlerischesgestalten.architektur.rptu.de\/index.php\/wp-json\/wp\/v2\/comments?post=236"}],"version-history":[{"count":1,"href":"https:\/\/kuenstlerischesgestalten.architektur.rptu.de\/index.php\/wp-json\/wp\/v2\/pages\/236\/revisions"}],"predecessor-version":[{"id":237,"href":"https:\/\/kuenstlerischesgestalten.architektur.rptu.de\/index.php\/wp-json\/wp\/v2\/pages\/236\/revisions\/237"}],"wp:attachment":[{"href":"https:\/\/kuenstlerischesgestalten.architektur.rptu.de\/index.php\/wp-json\/wp\/v2\/media?parent=236"}],"curies":[{"name":"wp","href":"https:\/\/api.w.org\/{rel}","templated":true}]}}