{"id":238,"date":"2025-10-25T22:22:56","date_gmt":"2025-10-25T20:22:56","guid":{"rendered":"https:\/\/kuenstlerischesgestalten.architektur.rptu.de\/?page_id=238"},"modified":"2025-10-25T22:22:56","modified_gmt":"2025-10-25T20:22:56","slug":"wiederholung","status":"publish","type":"page","link":"https:\/\/kuenstlerischesgestalten.architektur.rptu.de\/index.php\/wiederholung\/","title":{"rendered":"Wiederholung"},"content":{"rendered":"\n<p>Wenn man eine Sache nur oft genug wiederholt, versteht man sie pl\u00f6tzlich nicht mehr so wie sonst. Statt dessen \u00f6ffnet sich ein Raum, in dem diese Sache neue Bedeutungen annehmen kann.<\/p>\n\n\n\n<p>Mit Spielen, \u00dcbungen und Experimenten n\u00e4hern wir uns in diesem Seminar dem Paradox der Wiederholung, das nicht nur Vertrautheit, sondern auch Irritation oder Absurdit\u00e4t hervorbringt. Der Fokus liegt auf dem Schreiben, Zeichnen, Malen, Sprechen und Tun. Wir wiederholen Bewegungen mit unserem K\u00f6rper und schauen uns selbst dabei zu. Wir suchen nach dem Unvorhersehbaren, das in der Wiederholung verborgen liegt.<\/p>\n\n\n\n<p>Das Seminar findet montags von 10 bis 17 Uhr statt \u2013 mit Mittagspause \u2013 und endet bereits am 11. Dezember. (Es umfasst also 7 doppelte Sitzungen.) Neben vorbereiteten \u00dcbungen und Experimenten, die die Seminargruppe selbst erstellt, findet eine Auseinandersetzung mit k\u00fcnstlerischen Positionen aus Zeichnung, Performance und Konzeptkunst statt. Am Ende steht eine freie Arbeit.<\/p>\n\n\n\n<p>Beginn: 30.10.2023, 10:00 Uhr<br>Ort: Geb\u00e4ude 1, Raum 170<br>Dozentin: Theresa Lawrenz<\/p>\n","protected":false},"excerpt":{"rendered":"<p>Wenn man eine Sache nur oft genug wiederholt, versteht man sie pl\u00f6tzlich nicht mehr so wie sonst. Statt dessen \u00f6ffnet sich ein Raum, in dem diese Sache neue Bedeutungen annehmen kann. Mit Spielen, \u00dcbungen und Experimenten n\u00e4hern wir uns in diesem Seminar dem Paradox der Wiederholung, das nicht nur Vertrautheit, sondern auch Irritation oder Absurdit\u00e4t [&hellip;]<\/p>\n","protected":false},"author":1,"featured_media":0,"parent":0,"menu_order":0,"comment_status":"closed","ping_status":"closed","template":"","meta":{"footnotes":""},"class_list":["post-238","page","type-page","status-publish","hentry"],"_links":{"self":[{"href":"https:\/\/kuenstlerischesgestalten.architektur.rptu.de\/index.php\/wp-json\/wp\/v2\/pages\/238","targetHints":{"allow":["GET"]}}],"collection":[{"href":"https:\/\/kuenstlerischesgestalten.architektur.rptu.de\/index.php\/wp-json\/wp\/v2\/pages"}],"about":[{"href":"https:\/\/kuenstlerischesgestalten.architektur.rptu.de\/index.php\/wp-json\/wp\/v2\/types\/page"}],"author":[{"embeddable":true,"href":"https:\/\/kuenstlerischesgestalten.architektur.rptu.de\/index.php\/wp-json\/wp\/v2\/users\/1"}],"replies":[{"embeddable":true,"href":"https:\/\/kuenstlerischesgestalten.architektur.rptu.de\/index.php\/wp-json\/wp\/v2\/comments?post=238"}],"version-history":[{"count":1,"href":"https:\/\/kuenstlerischesgestalten.architektur.rptu.de\/index.php\/wp-json\/wp\/v2\/pages\/238\/revisions"}],"predecessor-version":[{"id":239,"href":"https:\/\/kuenstlerischesgestalten.architektur.rptu.de\/index.php\/wp-json\/wp\/v2\/pages\/238\/revisions\/239"}],"wp:attachment":[{"href":"https:\/\/kuenstlerischesgestalten.architektur.rptu.de\/index.php\/wp-json\/wp\/v2\/media?parent=238"}],"curies":[{"name":"wp","href":"https:\/\/api.w.org\/{rel}","templated":true}]}}