{"id":246,"date":"2025-11-15T22:01:06","date_gmt":"2025-11-15T21:01:06","guid":{"rendered":"https:\/\/kuenstlerischesgestalten.architektur.rptu.de\/?page_id=246"},"modified":"2025-11-15T22:23:23","modified_gmt":"2025-11-15T21:23:23","slug":"exkursion-rom","status":"publish","type":"page","link":"https:\/\/kuenstlerischesgestalten.architektur.rptu.de\/index.php\/exkursion-rom\/","title":{"rendered":"Roma eterna"},"content":{"rendered":"\n<p>Inhalt:<br>Ver\u00e4ndern sich Dinge, wenn sie lange und oft betrachtet werden?<br>Hinterlassen Blicke Spuren? Kann man Blicke als Ber\u00fchrungen verstehen?<br>Jeder Blick ist Gegenwart, alle Striche f\u00fchren nach Rom: Sie werden schauen, zeichnen, schauen.<\/p>\n\n\n\n<p>Plan:<br>04. individuelle Anreise, gemeinsamer Abendspaziergang<br>05. Pilgerkirchen<br>06. antike Gro\u00dfbauten<br>07. Villa Adriana und Villa d\u2019Este<br>08. Brutalismus<br>09. Borromini<br>10. individuelle Abreise<\/p>\n\n\n\n<p>Teilnehmerzahl:<br>40 Personen<\/p>\n\n\n\n<p>Dozent:innen: Prof. Heike Kern, Theresa Lawrenz, Paul Schuseil, Marcel Weber<\/p>\n","protected":false},"excerpt":{"rendered":"<p>Inhalt:Ver\u00e4ndern sich Dinge, wenn sie lange und oft betrachtet werden?Hinterlassen Blicke Spuren? Kann man Blicke als Ber\u00fchrungen verstehen?Jeder Blick ist Gegenwart, alle Striche f\u00fchren nach Rom: Sie werden schauen, zeichnen, schauen. Plan:04. individuelle Anreise, gemeinsamer Abendspaziergang05. Pilgerkirchen06. antike Gro\u00dfbauten07. Villa Adriana und Villa d\u2019Este08. Brutalismus09. Borromini10. individuelle Abreise Teilnehmerzahl:40 Personen Dozent:innen: Prof. Heike Kern, Theresa [&hellip;]<\/p>\n","protected":false},"author":1,"featured_media":0,"parent":0,"menu_order":0,"comment_status":"closed","ping_status":"closed","template":"","meta":{"footnotes":""},"class_list":["post-246","page","type-page","status-publish","hentry"],"_links":{"self":[{"href":"https:\/\/kuenstlerischesgestalten.architektur.rptu.de\/index.php\/wp-json\/wp\/v2\/pages\/246","targetHints":{"allow":["GET"]}}],"collection":[{"href":"https:\/\/kuenstlerischesgestalten.architektur.rptu.de\/index.php\/wp-json\/wp\/v2\/pages"}],"about":[{"href":"https:\/\/kuenstlerischesgestalten.architektur.rptu.de\/index.php\/wp-json\/wp\/v2\/types\/page"}],"author":[{"embeddable":true,"href":"https:\/\/kuenstlerischesgestalten.architektur.rptu.de\/index.php\/wp-json\/wp\/v2\/users\/1"}],"replies":[{"embeddable":true,"href":"https:\/\/kuenstlerischesgestalten.architektur.rptu.de\/index.php\/wp-json\/wp\/v2\/comments?post=246"}],"version-history":[{"count":2,"href":"https:\/\/kuenstlerischesgestalten.architektur.rptu.de\/index.php\/wp-json\/wp\/v2\/pages\/246\/revisions"}],"predecessor-version":[{"id":268,"href":"https:\/\/kuenstlerischesgestalten.architektur.rptu.de\/index.php\/wp-json\/wp\/v2\/pages\/246\/revisions\/268"}],"wp:attachment":[{"href":"https:\/\/kuenstlerischesgestalten.architektur.rptu.de\/index.php\/wp-json\/wp\/v2\/media?parent=246"}],"curies":[{"name":"wp","href":"https:\/\/api.w.org\/{rel}","templated":true}]}}