{"id":252,"date":"2025-11-15T22:10:24","date_gmt":"2025-11-15T21:10:24","guid":{"rendered":"https:\/\/kuenstlerischesgestalten.architektur.rptu.de\/?page_id=252"},"modified":"2025-11-15T22:10:24","modified_gmt":"2025-11-15T21:10:24","slug":"das-sichtbare","status":"publish","type":"page","link":"https:\/\/kuenstlerischesgestalten.architektur.rptu.de\/index.php\/das-sichtbare\/","title":{"rendered":"Das Sichtbare"},"content":{"rendered":"\n<p>Wie selbstverst\u00e4ndlich werden 2D und 3D in einem Atemzug zusammen genannt \u2013 als w\u00e4re dazwischen kein gro\u00dfer Unterschied! Betrachtet man eine zwei- und eine dreidimensionale Sache aber im direkten Nebeneinander, \u00f6ffnet sich ein gedanklich unfassbarer Raum \u2013 eine R\u00e4tselwelt, die unsere Vorstellungskraft kitzelt. Etwas Unsichtbares wird sichtbar und kann doch nicht benannt, im Begriff fixiert werden. Es entsteht die M\u00f6glichkeit etwas zu sagen, das man noch nicht kennt, aber vielleicht schon immer gesucht hat.<br>Der Entwurf will sich auf dieses schillernde, theoretisch nicht erschlossene Feld konzentrieren.<\/p>\n\n\n\n<p>Gegenstand ist die Darstellung von architektonischen oder plastischen R\u00e4umen, die real, erinnert oder ertr\u00e4umt sein Diese Methode baut darauf, dass jede bildnerische Formulierung immer eine Tatsache f\u00fcr sich darstellt. Gleichzeitig kann jede einzelne dieser Tatsachen neben eine vorherige oder sp\u00e4ter folgende Tatsache gelegt und so als neue Situation betrachtet werden. In der Zusammenschau werden Denkbewegungen sichtbar.<\/p>\n\n\n\n<p>Es geht also um das bildnerische Denken und deshalb interessiert nicht das finale Ergebnis, sondern die Pr\u00e4zision der Schritte und die Qualit\u00e4t der gedanklichen Zwischenr\u00e4ume im Arbeitsprozess.<\/p>\n\n\n\n<p>Beginn: 29.04.22, 13:00 Uhr<br>Ort: Geb\u00e4ude 1, Raum 160<br>Dozentin: Prof. Heike Kern<\/p>\n","protected":false},"excerpt":{"rendered":"<p>Wie selbstverst\u00e4ndlich werden 2D und 3D in einem Atemzug zusammen genannt \u2013 als w\u00e4re dazwischen kein gro\u00dfer Unterschied! Betrachtet man eine zwei- und eine dreidimensionale Sache aber im direkten Nebeneinander, \u00f6ffnet sich ein gedanklich unfassbarer Raum \u2013 eine R\u00e4tselwelt, die unsere Vorstellungskraft kitzelt. Etwas Unsichtbares wird sichtbar und kann doch nicht benannt, im Begriff fixiert [&hellip;]<\/p>\n","protected":false},"author":1,"featured_media":0,"parent":0,"menu_order":0,"comment_status":"closed","ping_status":"closed","template":"","meta":{"footnotes":""},"class_list":["post-252","page","type-page","status-publish","hentry"],"_links":{"self":[{"href":"https:\/\/kuenstlerischesgestalten.architektur.rptu.de\/index.php\/wp-json\/wp\/v2\/pages\/252","targetHints":{"allow":["GET"]}}],"collection":[{"href":"https:\/\/kuenstlerischesgestalten.architektur.rptu.de\/index.php\/wp-json\/wp\/v2\/pages"}],"about":[{"href":"https:\/\/kuenstlerischesgestalten.architektur.rptu.de\/index.php\/wp-json\/wp\/v2\/types\/page"}],"author":[{"embeddable":true,"href":"https:\/\/kuenstlerischesgestalten.architektur.rptu.de\/index.php\/wp-json\/wp\/v2\/users\/1"}],"replies":[{"embeddable":true,"href":"https:\/\/kuenstlerischesgestalten.architektur.rptu.de\/index.php\/wp-json\/wp\/v2\/comments?post=252"}],"version-history":[{"count":1,"href":"https:\/\/kuenstlerischesgestalten.architektur.rptu.de\/index.php\/wp-json\/wp\/v2\/pages\/252\/revisions"}],"predecessor-version":[{"id":253,"href":"https:\/\/kuenstlerischesgestalten.architektur.rptu.de\/index.php\/wp-json\/wp\/v2\/pages\/252\/revisions\/253"}],"wp:attachment":[{"href":"https:\/\/kuenstlerischesgestalten.architektur.rptu.de\/index.php\/wp-json\/wp\/v2\/media?parent=252"}],"curies":[{"name":"wp","href":"https:\/\/api.w.org\/{rel}","templated":true}]}}