{"id":256,"date":"2025-11-15T22:16:11","date_gmt":"2025-11-15T21:16:11","guid":{"rendered":"https:\/\/kuenstlerischesgestalten.architektur.rptu.de\/?page_id=256"},"modified":"2025-11-15T22:16:11","modified_gmt":"2025-11-15T21:16:11","slug":"die-schoene-idee-2","status":"publish","type":"page","link":"https:\/\/kuenstlerischesgestalten.architektur.rptu.de\/index.php\/die-schoene-idee-2\/","title":{"rendered":"Die sch\u00f6ne Idee"},"content":{"rendered":"\n<p>Der Jahreskurs befasst sich theoretisch und bildnerisch-praktisch mit \u00e4sthetischen Inhalten, Prozessen und Maximen, die mit dem architektonischen Denken direkt und indirekt in Zusammenhang stehen.<br>Die k\u00fcnstlerischen Werkzeuge, Methoden und Strategien er\u00f6ffnen ein komplexer werdendes Feld von Zusammenh\u00e4ngen zwischen dem Wahrnehmen und dem Darstellen von Raum, denn sie k\u00f6nnen die allgemeine G\u00fcltigkeit kultureller Codes der Bildkommunikation ignorieren und den Einfluss hinterfragen, den diese Codes auf die tats\u00e4chliche optische Wahrnehmung einer Situation haben.<br>Die \u00dcbungen fokussieren auf den kontinuierlichen Transfer zwischen dem zwei- und dem dreidimensionalen Denken. Sie vermitteln Wissen um Formgesetze und Material, fordern gedankliche und formale Abstraktionsleistungen. Individuelle St\u00e4rken k\u00f6nnen gefunden und zum Ausdruck gebracht werden. Die Vorlesungen diskutieren grundlegendes Bildwissen. Sie fragen nach den Fundamenten zeitgen\u00f6ssischen \u00e4sthetischen Urteilens.<\/p>\n\n\n\n<p>Theorie und Praxis verschr\u00e4nken sich im verantwortungsvollen \u00e4sthetischen Handeln.<\/p>\n\n\n\n<p>Dozent:innen: Prof. Heike Kern, Paul Schuseil, Marcel Weber<\/p>\n","protected":false},"excerpt":{"rendered":"<p>Der Jahreskurs befasst sich theoretisch und bildnerisch-praktisch mit \u00e4sthetischen Inhalten, Prozessen und Maximen, die mit dem architektonischen Denken direkt und indirekt in Zusammenhang stehen.Die k\u00fcnstlerischen Werkzeuge, Methoden und Strategien er\u00f6ffnen ein komplexer werdendes Feld von Zusammenh\u00e4ngen zwischen dem Wahrnehmen und dem Darstellen von Raum, denn sie k\u00f6nnen die allgemeine G\u00fcltigkeit kultureller Codes der Bildkommunikation ignorieren [&hellip;]<\/p>\n","protected":false},"author":1,"featured_media":0,"parent":0,"menu_order":0,"comment_status":"closed","ping_status":"closed","template":"","meta":{"footnotes":""},"class_list":["post-256","page","type-page","status-publish","hentry"],"_links":{"self":[{"href":"https:\/\/kuenstlerischesgestalten.architektur.rptu.de\/index.php\/wp-json\/wp\/v2\/pages\/256","targetHints":{"allow":["GET"]}}],"collection":[{"href":"https:\/\/kuenstlerischesgestalten.architektur.rptu.de\/index.php\/wp-json\/wp\/v2\/pages"}],"about":[{"href":"https:\/\/kuenstlerischesgestalten.architektur.rptu.de\/index.php\/wp-json\/wp\/v2\/types\/page"}],"author":[{"embeddable":true,"href":"https:\/\/kuenstlerischesgestalten.architektur.rptu.de\/index.php\/wp-json\/wp\/v2\/users\/1"}],"replies":[{"embeddable":true,"href":"https:\/\/kuenstlerischesgestalten.architektur.rptu.de\/index.php\/wp-json\/wp\/v2\/comments?post=256"}],"version-history":[{"count":1,"href":"https:\/\/kuenstlerischesgestalten.architektur.rptu.de\/index.php\/wp-json\/wp\/v2\/pages\/256\/revisions"}],"predecessor-version":[{"id":257,"href":"https:\/\/kuenstlerischesgestalten.architektur.rptu.de\/index.php\/wp-json\/wp\/v2\/pages\/256\/revisions\/257"}],"wp:attachment":[{"href":"https:\/\/kuenstlerischesgestalten.architektur.rptu.de\/index.php\/wp-json\/wp\/v2\/media?parent=256"}],"curies":[{"name":"wp","href":"https:\/\/api.w.org\/{rel}","templated":true}]}}