{"id":260,"date":"2025-11-15T22:18:39","date_gmt":"2025-11-15T21:18:39","guid":{"rendered":"https:\/\/kuenstlerischesgestalten.architektur.rptu.de\/?page_id=260"},"modified":"2025-11-15T22:18:39","modified_gmt":"2025-11-15T21:18:39","slug":"ausstellungsarchitektur","status":"publish","type":"page","link":"https:\/\/kuenstlerischesgestalten.architektur.rptu.de\/index.php\/ausstellungsarchitektur\/","title":{"rendered":"Ausstellungsarchitektur"},"content":{"rendered":"\n<p>Die Entwicklung von Architekturen, die der Pr\u00e4sentation gro\u00dfer Ausstellungen dienen, ist eine grundst\u00e4ndige Architektenaufgabe. Die besonderen Herausforderungen einer solchen Aufgabe liegen insbesondere darin, dass zwei durch und durch ambivalente Probleme gel\u00f6st werden m\u00fcssen: Einerseits sollen Dinge gezeigt, gleichzeitig m\u00fcssen sie vor dem Betrachter gesch\u00fctzt werden.<\/p>\n\n\n\n<p>Andererseits f\u00fchren Ausstellungen in der Regel Gegenst\u00e4nde unterschiedlicher Art, Erscheinung und Provenienz in einen gemeinsamen thematischen und r\u00e4umlichen Zusammenhang, der durch die geschaffenen Ausstellungssysteme augenscheinlich werden soll. Was jedoch der Pr\u00e4sentation eines Dings dienlich ist, kann f\u00fcr ein anderes v\u00f6llig unpassend sein. Beide Problemfelder sind theoretisch nicht erforscht. Deshalb ist es sinnvoll, mit praktischen Ann\u00e4herungen zu beginnen und zun\u00e4chst das Pr\u00e4sentieren von Gegenst\u00e4nden aller Art spielerisch zu erproben.<br>Tagesexkursionen zu verschiedenen Museen in der n\u00e4heren Umgebung sollten unbedingt folgen, um das Beobachtungsfeld zu erweitern.<br>Am Ende des Seminars sind Sie in der Lage, das Konzept f\u00fcr eine kleinere Ausstellung (zum Beispiel f\u00fcr Giraffen oder Ameisen) im Modell darzustellen und zu erl\u00e4utern.<\/p>\n\n\n\n<p>Aus bekannten Gr\u00fcnden k\u00f6nnen leider nur 10 Personen an der Veranstaltung teilnehmen.<\/p>\n\n\n\n<p>Beginn: 02.11.2020, 11:00 Uhr<br>Ort: Geb\u00e4ude 1, Raum U03<br>Dozentin: Prof. Heike Kern<\/p>\n","protected":false},"excerpt":{"rendered":"<p>Die Entwicklung von Architekturen, die der Pr\u00e4sentation gro\u00dfer Ausstellungen dienen, ist eine grundst\u00e4ndige Architektenaufgabe. Die besonderen Herausforderungen einer solchen Aufgabe liegen insbesondere darin, dass zwei durch und durch ambivalente Probleme gel\u00f6st werden m\u00fcssen: Einerseits sollen Dinge gezeigt, gleichzeitig m\u00fcssen sie vor dem Betrachter gesch\u00fctzt werden. Andererseits f\u00fchren Ausstellungen in der Regel Gegenst\u00e4nde unterschiedlicher Art, Erscheinung [&hellip;]<\/p>\n","protected":false},"author":1,"featured_media":0,"parent":0,"menu_order":0,"comment_status":"closed","ping_status":"closed","template":"","meta":{"footnotes":""},"class_list":["post-260","page","type-page","status-publish","hentry"],"_links":{"self":[{"href":"https:\/\/kuenstlerischesgestalten.architektur.rptu.de\/index.php\/wp-json\/wp\/v2\/pages\/260","targetHints":{"allow":["GET"]}}],"collection":[{"href":"https:\/\/kuenstlerischesgestalten.architektur.rptu.de\/index.php\/wp-json\/wp\/v2\/pages"}],"about":[{"href":"https:\/\/kuenstlerischesgestalten.architektur.rptu.de\/index.php\/wp-json\/wp\/v2\/types\/page"}],"author":[{"embeddable":true,"href":"https:\/\/kuenstlerischesgestalten.architektur.rptu.de\/index.php\/wp-json\/wp\/v2\/users\/1"}],"replies":[{"embeddable":true,"href":"https:\/\/kuenstlerischesgestalten.architektur.rptu.de\/index.php\/wp-json\/wp\/v2\/comments?post=260"}],"version-history":[{"count":1,"href":"https:\/\/kuenstlerischesgestalten.architektur.rptu.de\/index.php\/wp-json\/wp\/v2\/pages\/260\/revisions"}],"predecessor-version":[{"id":261,"href":"https:\/\/kuenstlerischesgestalten.architektur.rptu.de\/index.php\/wp-json\/wp\/v2\/pages\/260\/revisions\/261"}],"wp:attachment":[{"href":"https:\/\/kuenstlerischesgestalten.architektur.rptu.de\/index.php\/wp-json\/wp\/v2\/media?parent=260"}],"curies":[{"name":"wp","href":"https:\/\/api.w.org\/{rel}","templated":true}]}}