{"id":317,"date":"2025-12-01T09:48:19","date_gmt":"2025-12-01T08:48:19","guid":{"rendered":"https:\/\/kuenstlerischesgestalten.architektur.rptu.de\/?page_id=317"},"modified":"2025-12-01T09:48:19","modified_gmt":"2025-12-01T08:48:19","slug":"burgund","status":"publish","type":"page","link":"https:\/\/kuenstlerischesgestalten.architektur.rptu.de\/index.php\/burgund\/","title":{"rendered":"Burgund"},"content":{"rendered":"\n<p>14. bis 21. Mai<\/p>\n\n\n\n<p>Standort ist ein alter Hof in Somment, 15 km nordwestlich von Autun<\/p>\n\n\n\n<p>Kosten:<\/p>\n\n\n\n<p>Hin- und R\u00fcckfahrt mit dem eigenen Pkw<\/p>\n\n\n\n<p>\u00dcbernachtung 100 \u20ac pro Person<\/p>\n\n\n\n<p>Fr\u00fchst\u00fcck und Abendessen inklusive Getr\u00e4nke 200 \u20ac pro Person<\/p>\n\n\n\n<p>Kosten f\u00fcr Eintritte\/F\u00fchrungen \u00fcbernimmt das Fachgebiet<\/p>\n\n\n\n<p>N\u00e4here Informationen als Download auf der Homepage des Fachgebiets unter &#8222;Aktuell&#8220;<\/p>\n","protected":false},"excerpt":{"rendered":"<p>14. bis 21. Mai Standort ist ein alter Hof in Somment, 15 km nordwestlich von Autun Kosten: Hin- und R\u00fcckfahrt mit dem eigenen Pkw \u00dcbernachtung 100 \u20ac pro Person Fr\u00fchst\u00fcck und Abendessen inklusive Getr\u00e4nke 200 \u20ac pro Person Kosten f\u00fcr Eintritte\/F\u00fchrungen \u00fcbernimmt das Fachgebiet N\u00e4here Informationen als Download auf der Homepage des Fachgebiets unter &#8222;Aktuell&#8220;<\/p>\n","protected":false},"author":1,"featured_media":0,"parent":0,"menu_order":0,"comment_status":"closed","ping_status":"closed","template":"","meta":{"footnotes":""},"class_list":["post-317","page","type-page","status-publish","hentry"],"_links":{"self":[{"href":"https:\/\/kuenstlerischesgestalten.architektur.rptu.de\/index.php\/wp-json\/wp\/v2\/pages\/317","targetHints":{"allow":["GET"]}}],"collection":[{"href":"https:\/\/kuenstlerischesgestalten.architektur.rptu.de\/index.php\/wp-json\/wp\/v2\/pages"}],"about":[{"href":"https:\/\/kuenstlerischesgestalten.architektur.rptu.de\/index.php\/wp-json\/wp\/v2\/types\/page"}],"author":[{"embeddable":true,"href":"https:\/\/kuenstlerischesgestalten.architektur.rptu.de\/index.php\/wp-json\/wp\/v2\/users\/1"}],"replies":[{"embeddable":true,"href":"https:\/\/kuenstlerischesgestalten.architektur.rptu.de\/index.php\/wp-json\/wp\/v2\/comments?post=317"}],"version-history":[{"count":1,"href":"https:\/\/kuenstlerischesgestalten.architektur.rptu.de\/index.php\/wp-json\/wp\/v2\/pages\/317\/revisions"}],"predecessor-version":[{"id":318,"href":"https:\/\/kuenstlerischesgestalten.architektur.rptu.de\/index.php\/wp-json\/wp\/v2\/pages\/317\/revisions\/318"}],"wp:attachment":[{"href":"https:\/\/kuenstlerischesgestalten.architektur.rptu.de\/index.php\/wp-json\/wp\/v2\/media?parent=317"}],"curies":[{"name":"wp","href":"https:\/\/api.w.org\/{rel}","templated":true}]}}