{"id":361,"date":"2025-12-29T22:15:15","date_gmt":"2025-12-29T21:15:15","guid":{"rendered":"https:\/\/kuenstlerischesgestalten.architektur.rptu.de\/?page_id=361"},"modified":"2025-12-29T22:16:18","modified_gmt":"2025-12-29T21:16:18","slug":"oberflaechenlabor","status":"publish","type":"page","link":"https:\/\/kuenstlerischesgestalten.architektur.rptu.de\/index.php\/oberflaechenlabor\/","title":{"rendered":"Oberfl\u00e4chenlabor"},"content":{"rendered":"\n<p>Oberfl\u00e4chen gibt es dort, wo Material ist, und Material hat immer Volumen, das niemals unendlich ist. Man m\u00fcsste also weniger von Oberfl\u00e4chen sprechen und viel mehr von Materialgrenzen.<\/p>\n\n\n\n<p>Material kann an seinen Grenzen verschiedene Erscheinungen annehmen. Glatte Oberfl\u00e4chen zum Beispiel sind beliebt. Dabei gibt es \u201eglatt\u201c an sich nicht, es ist eine Frage des Abstands, ob etwas glatt aussieht oder strukturiert. Nur der Tastsinn urteilt in einer 1:1 Situation und deutlich genauer als das Auge.<br>Reliefierte Oberfl\u00e4chen stellen f\u00fcr das Auge ebenso eine Herausforderung dar. \u00c4ndern sich Blickwinkel oder Beleuchtung ein wenig, zeigt jeder Moment ein irritierend neues Bild.<\/p>\n\n\n\n<p>Sehr oft trifft ein Material auf ein anderes. In der Ber\u00fchrung bilden beide eine gemeinsame Grenze aus, deren Erscheinung von beiden Materialien gleichzeitig berichtet. Und Abst\u00e4nde bilden Fugen aus, die ebenso Merkmal der Oberfl\u00e4che sind.<\/p>\n\n\n\n<p>Jede Entwurfsphase ist auf das analoge Arbeiten 1:1 und auf die Konstruktionsphilosophie des Low Tech festgelegt. Alle Schritte beinhalten Entscheidungen f\u00fcr die richtige Gr\u00f6\u00dfe und das angemessene Gestaltungsmittel. Individuelle Fragestellungen entwickeln und formulieren sich in der bildnerischen Untersuchung des feinen Unterschieds.<\/p>\n\n\n\n<p>Das Projekt findet nicht digital statt. Es stehen 5 Arbeitspl\u00e4tze in den Werkst\u00e4tten des Fachgebiets zur Verf\u00fcgung.<\/p>\n\n\n\n<p><\/p>\n\n\n\n<p>Beginn: 21.04.2021, 10:00 Uhr<\/p>\n\n\n\n<p>Ort: Raum 1-U03<\/p>\n\n\n\n<p>Dozent*innen: Prof. Heike Kern, Marcel Weber<\/p>\n\n\n\n<p><\/p>\n","protected":false},"excerpt":{"rendered":"<p>Oberfl\u00e4chen gibt es dort, wo Material ist, und Material hat immer Volumen, das niemals unendlich ist. Man m\u00fcsste also weniger von Oberfl\u00e4chen sprechen und viel mehr von Materialgrenzen. Material kann an seinen Grenzen verschiedene Erscheinungen annehmen. Glatte Oberfl\u00e4chen zum Beispiel sind beliebt. Dabei gibt es \u201eglatt\u201c an sich nicht, es ist eine Frage des Abstands, [&hellip;]<\/p>\n","protected":false},"author":1,"featured_media":0,"parent":0,"menu_order":0,"comment_status":"closed","ping_status":"closed","template":"","meta":{"footnotes":""},"class_list":["post-361","page","type-page","status-publish","hentry"],"_links":{"self":[{"href":"https:\/\/kuenstlerischesgestalten.architektur.rptu.de\/index.php\/wp-json\/wp\/v2\/pages\/361","targetHints":{"allow":["GET"]}}],"collection":[{"href":"https:\/\/kuenstlerischesgestalten.architektur.rptu.de\/index.php\/wp-json\/wp\/v2\/pages"}],"about":[{"href":"https:\/\/kuenstlerischesgestalten.architektur.rptu.de\/index.php\/wp-json\/wp\/v2\/types\/page"}],"author":[{"embeddable":true,"href":"https:\/\/kuenstlerischesgestalten.architektur.rptu.de\/index.php\/wp-json\/wp\/v2\/users\/1"}],"replies":[{"embeddable":true,"href":"https:\/\/kuenstlerischesgestalten.architektur.rptu.de\/index.php\/wp-json\/wp\/v2\/comments?post=361"}],"version-history":[{"count":3,"href":"https:\/\/kuenstlerischesgestalten.architektur.rptu.de\/index.php\/wp-json\/wp\/v2\/pages\/361\/revisions"}],"predecessor-version":[{"id":364,"href":"https:\/\/kuenstlerischesgestalten.architektur.rptu.de\/index.php\/wp-json\/wp\/v2\/pages\/361\/revisions\/364"}],"wp:attachment":[{"href":"https:\/\/kuenstlerischesgestalten.architektur.rptu.de\/index.php\/wp-json\/wp\/v2\/media?parent=361"}],"curies":[{"name":"wp","href":"https:\/\/api.w.org\/{rel}","templated":true}]}}