{"id":366,"date":"2025-12-29T22:20:42","date_gmt":"2025-12-29T21:20:42","guid":{"rendered":"https:\/\/kuenstlerischesgestalten.architektur.rptu.de\/?page_id=366"},"modified":"2025-12-29T22:20:42","modified_gmt":"2025-12-29T21:20:42","slug":"tragbar","status":"publish","type":"page","link":"https:\/\/kuenstlerischesgestalten.architektur.rptu.de\/index.php\/tragbar\/","title":{"rendered":"tragbar"},"content":{"rendered":"\n<p>Schmuck, Handy, Proviant, Kleidung &#8211; wir tragen immer etwas am K\u00f6rper. \u00dcber die Schulter wird die Tasche geh\u00e4ngt, der Rucksack liegt auf dem R\u00fccken oder alles ist in die Hosentaschen gestopft. Schwere Lasten m\u00fcssen Menschen im 21. Jahrhundert weniger selbst schultern; auch Berufe wie der des Kohlen- oder \u00d6ltr\u00e4gers sind verschwunden.&nbsp;<\/p>\n\n\n\n<p>Wir fragen uns im Seminar,&nbsp;<em>was<\/em>&nbsp;Menschen tragen und&nbsp;<em>wie<\/em>. Dazu geh\u00f6rt die Erforschung von Tragformen und Tragger\u00e4ten. Welche Hilfsmittel zum Tragen gab es, gibt es und k\u00f6nnen entwickelt werden? Wir untersuchen Materialien und Konstruktionen.&nbsp;<\/p>\n\n\n\n<p>Vor allem geht es um den eigenen K\u00f6rper: Wie ver\u00e4ndert sich das K\u00f6rpergef\u00fchl beim Tragen und wie werden die gewohnten Bewegungen gest\u00f6rt?<\/p>\n\n\n\n<p>Wir experimentieren im Gehen mit Gewicht, Balance, Rhythmus und Anstrengung und n\u00e4hern uns so dem Thema Performance. K\u00fcnstlerisches Positionen von Dada bis zur Gegenwart werden erarbeitet, Verbindungen zur Mode sind m\u00f6glich.&nbsp;<\/p>\n\n\n\n<p>Unsere Forschung begleiten wir zeichnerisch in einem Skizzenbuch. Zum Ende des Seminars werden eigene Objektkleider\/Trag-Skulpturen entworfen, hergestellt und in einer gemeinsamen Performance lebendig.<\/p>\n\n\n\n<p>max. 14 Studierende<\/p>\n\n\n\n<p><\/p>\n\n\n\n<p>Beginn: Montag, 8.11.2021, 10 Uhr (Pr\u00e4senz)<\/p>\n\n\n\n<p>Ort: Zeichensaal<\/p>\n\n\n\n<p>Dozentin: Theresa Lawrenz<\/p>\n","protected":false},"excerpt":{"rendered":"<p>Schmuck, Handy, Proviant, Kleidung &#8211; wir tragen immer etwas am K\u00f6rper. \u00dcber die Schulter wird die Tasche geh\u00e4ngt, der Rucksack liegt auf dem R\u00fccken oder alles ist in die Hosentaschen gestopft. Schwere Lasten m\u00fcssen Menschen im 21. Jahrhundert weniger selbst schultern; auch Berufe wie der des Kohlen- oder \u00d6ltr\u00e4gers sind verschwunden.&nbsp; Wir fragen uns im [&hellip;]<\/p>\n","protected":false},"author":1,"featured_media":0,"parent":0,"menu_order":0,"comment_status":"closed","ping_status":"closed","template":"","meta":{"footnotes":""},"class_list":["post-366","page","type-page","status-publish","hentry"],"_links":{"self":[{"href":"https:\/\/kuenstlerischesgestalten.architektur.rptu.de\/index.php\/wp-json\/wp\/v2\/pages\/366","targetHints":{"allow":["GET"]}}],"collection":[{"href":"https:\/\/kuenstlerischesgestalten.architektur.rptu.de\/index.php\/wp-json\/wp\/v2\/pages"}],"about":[{"href":"https:\/\/kuenstlerischesgestalten.architektur.rptu.de\/index.php\/wp-json\/wp\/v2\/types\/page"}],"author":[{"embeddable":true,"href":"https:\/\/kuenstlerischesgestalten.architektur.rptu.de\/index.php\/wp-json\/wp\/v2\/users\/1"}],"replies":[{"embeddable":true,"href":"https:\/\/kuenstlerischesgestalten.architektur.rptu.de\/index.php\/wp-json\/wp\/v2\/comments?post=366"}],"version-history":[{"count":1,"href":"https:\/\/kuenstlerischesgestalten.architektur.rptu.de\/index.php\/wp-json\/wp\/v2\/pages\/366\/revisions"}],"predecessor-version":[{"id":367,"href":"https:\/\/kuenstlerischesgestalten.architektur.rptu.de\/index.php\/wp-json\/wp\/v2\/pages\/366\/revisions\/367"}],"wp:attachment":[{"href":"https:\/\/kuenstlerischesgestalten.architektur.rptu.de\/index.php\/wp-json\/wp\/v2\/media?parent=366"}],"curies":[{"name":"wp","href":"https:\/\/api.w.org\/{rel}","templated":true}]}}