{"id":369,"date":"2025-12-29T22:23:05","date_gmt":"2025-12-29T21:23:05","guid":{"rendered":"https:\/\/kuenstlerischesgestalten.architektur.rptu.de\/?page_id=369"},"modified":"2025-12-29T22:23:05","modified_gmt":"2025-12-29T21:23:05","slug":"die-schoene-form_seminar","status":"publish","type":"page","link":"https:\/\/kuenstlerischesgestalten.architektur.rptu.de\/index.php\/die-schoene-form_seminar\/","title":{"rendered":"Die sch\u00f6ne Form_Seminar"},"content":{"rendered":"\n<p>Bildhauer:innen verwenden die Begriffe \u201eModell\u201c und \u201eForm\u201c ganz anders Architekt:innen. Der klassische Weg der Herstellung einer Skulptur beginnt mit dem Modellieren des Modells. Im zweiten Schritt wird das Modell abgeformt, es wird eine Negativform gezogen \u2013 und das ist dann die Form. Sie ist quasi die Mutter aller Skulpturen, also der Positive, die aus ihr entstehen k\u00f6nnen.<\/p>\n\n\n\n<p>Diese drei Schritte sind nicht als reines Nacheinander zu denken, sie geh\u00f6ren ganz eng zusammen. Schon beim Modellieren muss st\u00e4ndig gepr\u00fcft werden, ob man das Modell gut abformen kann. Und die Form muss in allen Teilen sicher stellen, dass man sie gut ausformen kann.<\/p>\n\n\n\n<p>Eine gute Skulptur ist so beschaffen, dass sie diesen Prozess zum Bild werden l\u00e4sst.<\/p>\n\n\n\n<p>Ziel des Seminars ist, dass Sie am Ende eine sch\u00f6ne mehrteilige Gipsform mit nach Hause nehmen k\u00f6nnen. Bei der Arbeit daran werden Sie erfahren, wie stark K\u00f6rper und Umraum miteinander verbunden sind. Es gibt kein Verfahren, bei dem man das genauer verstehen lernt.<\/p>\n\n\n\n<p>Sie beginnen mit kleinen plastischen Untersuchungen und entwickeln eine individuelle Idee f\u00fcr Ihre Skulptur. F\u00fcr das Modellieren und die Herstellung der Form arbeiten Sie am besten im Block, das kann in der vorlesungsfreien Zeit sein. Die genauen Termine werden beim ersten Treffen festgelegt.&nbsp;<\/p>\n\n\n\n<p>Es steht ein gro\u00dfer Arbeitsraum in Bau 1 zur Verf\u00fcgung. Aus bekannten Gr\u00fcnden k\u00f6nnen leider nur 10 Personen an der Veranstaltung teilnehmen.<br><br>Beginn:&nbsp;Freitag, 05. 11. 2021, 15:00 Uhr<\/p>\n\n\n\n<p>Ort:\u00a0\u00a0\u00a0\u00a0\u00a0\u00a0Zoom<\/p>\n\n\n\n<p>Dozentin: Prof. Heike Kern<\/p>\n","protected":false},"excerpt":{"rendered":"<p>Bildhauer:innen verwenden die Begriffe \u201eModell\u201c und \u201eForm\u201c ganz anders Architekt:innen. Der klassische Weg der Herstellung einer Skulptur beginnt mit dem Modellieren des Modells. Im zweiten Schritt wird das Modell abgeformt, es wird eine Negativform gezogen \u2013 und das ist dann die Form. Sie ist quasi die Mutter aller Skulpturen, also der Positive, die aus ihr [&hellip;]<\/p>\n","protected":false},"author":1,"featured_media":0,"parent":0,"menu_order":0,"comment_status":"closed","ping_status":"closed","template":"","meta":{"footnotes":""},"class_list":["post-369","page","type-page","status-publish","hentry"],"_links":{"self":[{"href":"https:\/\/kuenstlerischesgestalten.architektur.rptu.de\/index.php\/wp-json\/wp\/v2\/pages\/369","targetHints":{"allow":["GET"]}}],"collection":[{"href":"https:\/\/kuenstlerischesgestalten.architektur.rptu.de\/index.php\/wp-json\/wp\/v2\/pages"}],"about":[{"href":"https:\/\/kuenstlerischesgestalten.architektur.rptu.de\/index.php\/wp-json\/wp\/v2\/types\/page"}],"author":[{"embeddable":true,"href":"https:\/\/kuenstlerischesgestalten.architektur.rptu.de\/index.php\/wp-json\/wp\/v2\/users\/1"}],"replies":[{"embeddable":true,"href":"https:\/\/kuenstlerischesgestalten.architektur.rptu.de\/index.php\/wp-json\/wp\/v2\/comments?post=369"}],"version-history":[{"count":1,"href":"https:\/\/kuenstlerischesgestalten.architektur.rptu.de\/index.php\/wp-json\/wp\/v2\/pages\/369\/revisions"}],"predecessor-version":[{"id":370,"href":"https:\/\/kuenstlerischesgestalten.architektur.rptu.de\/index.php\/wp-json\/wp\/v2\/pages\/369\/revisions\/370"}],"wp:attachment":[{"href":"https:\/\/kuenstlerischesgestalten.architektur.rptu.de\/index.php\/wp-json\/wp\/v2\/media?parent=369"}],"curies":[{"name":"wp","href":"https:\/\/api.w.org\/{rel}","templated":true}]}}