{"id":371,"date":"2025-12-29T22:26:25","date_gmt":"2025-12-29T21:26:25","guid":{"rendered":"https:\/\/kuenstlerischesgestalten.architektur.rptu.de\/?page_id=371"},"modified":"2025-12-29T22:27:12","modified_gmt":"2025-12-29T21:27:12","slug":"reisestationen-2","status":"publish","type":"page","link":"https:\/\/kuenstlerischesgestalten.architektur.rptu.de\/index.php\/reisestationen-2\/","title":{"rendered":"Reisestationen"},"content":{"rendered":"\n<p>Bahnh\u00f6fe sind Orte der Abreise und der Ankunft, sind Orte, an denen ein Reiseweg beginnt oder endet oder an denen sich Reisewege kreuzen \u2013 sind Knotenpunkte im Verkehrsnetz, an denen eine Reise inneh\u00e4lt \u2013 sind \u00f6ffentliche, oft anonyme, meistens unbedeutende Orte mit k\u00fcmmerlichen Architekturen \u2013 sind m\u00f6gliche Orte der Sehnsucht mit unerwarteter Poesie.<br> Sie erkunden einen Lokalbahnhof in Ihrer N\u00e4he, entweder allein oder in einer kleinen Gruppe. Sie beobachten das Ganze bis hin zum Detail oder umgekehrt die Details, um das Ganze zu erschlie\u00dfen. Sie dokumentieren Ihre Beobachtungen mit Skizzen, Fotografien und Essays. Zusammenfassend: Sie eignen sich einen kleinen Bahnhof Ihrer Wahl mit bildnerischen Mitteln und kurzen Texten an und gewinnen damit eine \u00e4sthetische \u00dcberwindung von D\u00fcrftigkeit und Anonymit\u00e4t.<br>Ihre Arbeit inspiriert oder begleitet ausgew\u00e4hlte Literatur der Autoren Alain de Botton und George Perec.<br><\/p>\n\n\n\n<p>Beginn: Der Termin der Einf\u00fchrung wird \u00fcber Olat bekannt gegeben<\/p>\n\n\n\n<p>Ort: Zoom<\/p>\n\n\n\n<p>Dozentinnen: Prof. Heike Kern, Theresa Lawrenz<\/p>\n\n\n\n<p><\/p>\n","protected":false},"excerpt":{"rendered":"<p>Bahnh\u00f6fe sind Orte der Abreise und der Ankunft, sind Orte, an denen ein Reiseweg beginnt oder endet oder an denen sich Reisewege kreuzen \u2013 sind Knotenpunkte im Verkehrsnetz, an denen eine Reise inneh\u00e4lt \u2013 sind \u00f6ffentliche, oft anonyme, meistens unbedeutende Orte mit k\u00fcmmerlichen Architekturen \u2013 sind m\u00f6gliche Orte der Sehnsucht mit unerwarteter Poesie. Sie erkunden [&hellip;]<\/p>\n","protected":false},"author":1,"featured_media":0,"parent":0,"menu_order":0,"comment_status":"closed","ping_status":"closed","template":"","meta":{"footnotes":""},"class_list":["post-371","page","type-page","status-publish","hentry"],"_links":{"self":[{"href":"https:\/\/kuenstlerischesgestalten.architektur.rptu.de\/index.php\/wp-json\/wp\/v2\/pages\/371","targetHints":{"allow":["GET"]}}],"collection":[{"href":"https:\/\/kuenstlerischesgestalten.architektur.rptu.de\/index.php\/wp-json\/wp\/v2\/pages"}],"about":[{"href":"https:\/\/kuenstlerischesgestalten.architektur.rptu.de\/index.php\/wp-json\/wp\/v2\/types\/page"}],"author":[{"embeddable":true,"href":"https:\/\/kuenstlerischesgestalten.architektur.rptu.de\/index.php\/wp-json\/wp\/v2\/users\/1"}],"replies":[{"embeddable":true,"href":"https:\/\/kuenstlerischesgestalten.architektur.rptu.de\/index.php\/wp-json\/wp\/v2\/comments?post=371"}],"version-history":[{"count":2,"href":"https:\/\/kuenstlerischesgestalten.architektur.rptu.de\/index.php\/wp-json\/wp\/v2\/pages\/371\/revisions"}],"predecessor-version":[{"id":374,"href":"https:\/\/kuenstlerischesgestalten.architektur.rptu.de\/index.php\/wp-json\/wp\/v2\/pages\/371\/revisions\/374"}],"wp:attachment":[{"href":"https:\/\/kuenstlerischesgestalten.architektur.rptu.de\/index.php\/wp-json\/wp\/v2\/media?parent=371"}],"curies":[{"name":"wp","href":"https:\/\/api.w.org\/{rel}","templated":true}]}}