{"id":376,"date":"2025-12-29T22:31:19","date_gmt":"2025-12-29T21:31:19","guid":{"rendered":"https:\/\/kuenstlerischesgestalten.architektur.rptu.de\/?page_id=376"},"modified":"2025-12-29T22:31:19","modified_gmt":"2025-12-29T21:31:19","slug":"verdauung-eines-bildes","status":"publish","type":"page","link":"https:\/\/kuenstlerischesgestalten.architektur.rptu.de\/index.php\/verdauung-eines-bildes\/","title":{"rendered":"Verdauung eines Bildes"},"content":{"rendered":"\n<p>Bei der metabolischen Umwandlung werden Stoffe durch aufeinanderfolgende Transformationen in immer andere Zust\u00e4nde versetzt.&nbsp;<\/p>\n\n\n\n<p>Wir verdauen ein Bild und \u00fcberf\u00fchren ein digitales quadratisches Fundst\u00fcck von Instagram in eine Folge abstrahierter Erscheinungsformen ein und derselben Sache.Die Umwandlungsschritte f\u00fchren vom Digitalen ins Analoge und von der Fl\u00e4che in den Raum. Wir bewegen uns vom Bild zum Objekt, in die Umwelt und setzen die erzeugten Ausdrucksformen in ein Verh\u00e4ltnis zur eigenen K\u00f6rperlichkeit. W\u00e4hrend sich die in Gang gesetzte Transformationsbewegung von der Originalvorlage zu entfernen scheint, vollzieht sich gleichzeitig eine Ann\u00e4herung: In jedem Schritt werden neue Entscheidungen getroffen, andere Aspekte angeschaut,\u00a0analysiert, weitergetragen und mit einem neuen Fokus erschlossen.&nbsp;<\/p>\n\n\n\n<p>Aus diesem Dialog von konkretem Objekt und abstrahierter Repr\u00e4sentation, dem Wechselspiel von Bildbetrachtung und Bilderzeugung werden Serien entwickelt, die sich einer linearer Logik entziehen. Dabei tauschen die Resultate immer wieder die Rollen ihrer Stofflichkeit. Materialien wechseln vom Hilfsmittel zum gestalteten Ergebnis und umgekehrt.&nbsp;<\/p>\n\n\n\n<p>Die Arbeit in der Werkstatt mit Material und Skizzenbuch steht im Mittelpunkt dieses Seminars.<\/p>\n\n\n\n<p>Die inhaltliche Auseinandersetzung mit Alltagsbeobachtungen, zeitgen\u00f6ssischen und historischen Beispielen aus Hoch- und Popkultur erweitert die praktische Herangehensweise.<br><br>Einf\u00fchrung: Montag, 13.1.2021, 18:00h, online\u00a0<br>Dozentin: Judith Leinen<\/p>\n","protected":false},"excerpt":{"rendered":"<p>Bei der metabolischen Umwandlung werden Stoffe durch aufeinanderfolgende Transformationen in immer andere Zust\u00e4nde versetzt.&nbsp; Wir verdauen ein Bild und \u00fcberf\u00fchren ein digitales quadratisches Fundst\u00fcck von Instagram in eine Folge abstrahierter Erscheinungsformen ein und derselben Sache.Die Umwandlungsschritte f\u00fchren vom Digitalen ins Analoge und von der Fl\u00e4che in den Raum. Wir bewegen uns vom Bild zum Objekt, [&hellip;]<\/p>\n","protected":false},"author":1,"featured_media":0,"parent":0,"menu_order":0,"comment_status":"closed","ping_status":"closed","template":"","meta":{"footnotes":""},"class_list":["post-376","page","type-page","status-publish","hentry"],"_links":{"self":[{"href":"https:\/\/kuenstlerischesgestalten.architektur.rptu.de\/index.php\/wp-json\/wp\/v2\/pages\/376","targetHints":{"allow":["GET"]}}],"collection":[{"href":"https:\/\/kuenstlerischesgestalten.architektur.rptu.de\/index.php\/wp-json\/wp\/v2\/pages"}],"about":[{"href":"https:\/\/kuenstlerischesgestalten.architektur.rptu.de\/index.php\/wp-json\/wp\/v2\/types\/page"}],"author":[{"embeddable":true,"href":"https:\/\/kuenstlerischesgestalten.architektur.rptu.de\/index.php\/wp-json\/wp\/v2\/users\/1"}],"replies":[{"embeddable":true,"href":"https:\/\/kuenstlerischesgestalten.architektur.rptu.de\/index.php\/wp-json\/wp\/v2\/comments?post=376"}],"version-history":[{"count":1,"href":"https:\/\/kuenstlerischesgestalten.architektur.rptu.de\/index.php\/wp-json\/wp\/v2\/pages\/376\/revisions"}],"predecessor-version":[{"id":377,"href":"https:\/\/kuenstlerischesgestalten.architektur.rptu.de\/index.php\/wp-json\/wp\/v2\/pages\/376\/revisions\/377"}],"wp:attachment":[{"href":"https:\/\/kuenstlerischesgestalten.architektur.rptu.de\/index.php\/wp-json\/wp\/v2\/media?parent=376"}],"curies":[{"name":"wp","href":"https:\/\/api.w.org\/{rel}","templated":true}]}}