{"id":378,"date":"2025-12-29T22:33:19","date_gmt":"2025-12-29T21:33:19","guid":{"rendered":"https:\/\/kuenstlerischesgestalten.architektur.rptu.de\/?page_id=378"},"modified":"2025-12-29T22:33:19","modified_gmt":"2025-12-29T21:33:19","slug":"love-the-system-2","status":"publish","type":"page","link":"https:\/\/kuenstlerischesgestalten.architektur.rptu.de\/index.php\/love-the-system-2\/","title":{"rendered":"Love the System!"},"content":{"rendered":"\n<p>Das Blockseminar behandelt Rapport, Muster und modulare Bauweisen praxisorientiert mit Mitteln der Grafik und Plastik. Das Hauptmaterial werden keramische Massen sein. Auch Auswege aus und St\u00f6rungen von Systemen werden untersucht. Die theoretische Vorbereitung auf das Seminar erfolgt durch die Lekt\u00fcre ausgew\u00e4hlter Texte. Die w\u00e4hrend der Seminarwochen in den R\u00e4umen f\u00fcr Plastik erarbeiteten individuellen Projekte werden im Selbststudium eigenst\u00e4ndig fortgef\u00fchrt und an weiteren verpflichtenden Werkstatttagen (z.B. f\u00fcr Keramikbrand und -glasur) fertiggestellt. Diese zus\u00e4tzlichen Tage werden in der Gruppe terminlich abgestimmt.<\/p>\n\n\n\n<p>Teilnehmen k\u00f6nnen 10 Personen.<\/p>\n\n\n\n<p>Den Teilnehmer*innen werden getrennte Arbeitspl\u00e4tze sowie pers\u00f6nliches Werkzeug zur Verf\u00fcgung gestellt.<br>Die Veranstaltung ist als Blockseminar geplant: Montag 22.02. bis Mittwoch 24.02. und\u00a0Montag 01.03. bis Mittwoch 03.03., jeweils 10:00 \u2013 18:00 Uhr.<br><br>Beginn:&nbsp;04. 01. 2021, 11:00 Uhr<\/p>\n\n\n\n<p>Ort:\u00a0\u00a0\u00a0\u00a0\u00a0\u00a0Geb\u00e4ude 1, Raum 170<\/p>\n\n\n\n<p>Dozent: Paul Schuseil<\/p>\n","protected":false},"excerpt":{"rendered":"<p>Das Blockseminar behandelt Rapport, Muster und modulare Bauweisen praxisorientiert mit Mitteln der Grafik und Plastik. Das Hauptmaterial werden keramische Massen sein. Auch Auswege aus und St\u00f6rungen von Systemen werden untersucht. Die theoretische Vorbereitung auf das Seminar erfolgt durch die Lekt\u00fcre ausgew\u00e4hlter Texte. Die w\u00e4hrend der Seminarwochen in den R\u00e4umen f\u00fcr Plastik erarbeiteten individuellen Projekte werden [&hellip;]<\/p>\n","protected":false},"author":1,"featured_media":0,"parent":0,"menu_order":0,"comment_status":"closed","ping_status":"closed","template":"","meta":{"footnotes":""},"class_list":["post-378","page","type-page","status-publish","hentry"],"_links":{"self":[{"href":"https:\/\/kuenstlerischesgestalten.architektur.rptu.de\/index.php\/wp-json\/wp\/v2\/pages\/378","targetHints":{"allow":["GET"]}}],"collection":[{"href":"https:\/\/kuenstlerischesgestalten.architektur.rptu.de\/index.php\/wp-json\/wp\/v2\/pages"}],"about":[{"href":"https:\/\/kuenstlerischesgestalten.architektur.rptu.de\/index.php\/wp-json\/wp\/v2\/types\/page"}],"author":[{"embeddable":true,"href":"https:\/\/kuenstlerischesgestalten.architektur.rptu.de\/index.php\/wp-json\/wp\/v2\/users\/1"}],"replies":[{"embeddable":true,"href":"https:\/\/kuenstlerischesgestalten.architektur.rptu.de\/index.php\/wp-json\/wp\/v2\/comments?post=378"}],"version-history":[{"count":1,"href":"https:\/\/kuenstlerischesgestalten.architektur.rptu.de\/index.php\/wp-json\/wp\/v2\/pages\/378\/revisions"}],"predecessor-version":[{"id":379,"href":"https:\/\/kuenstlerischesgestalten.architektur.rptu.de\/index.php\/wp-json\/wp\/v2\/pages\/378\/revisions\/379"}],"wp:attachment":[{"href":"https:\/\/kuenstlerischesgestalten.architektur.rptu.de\/index.php\/wp-json\/wp\/v2\/media?parent=378"}],"curies":[{"name":"wp","href":"https:\/\/api.w.org\/{rel}","templated":true}]}}