{"id":381,"date":"2025-12-29T22:36:09","date_gmt":"2025-12-29T21:36:09","guid":{"rendered":"https:\/\/kuenstlerischesgestalten.architektur.rptu.de\/?page_id=381"},"modified":"2025-12-29T22:36:09","modified_gmt":"2025-12-29T21:36:09","slug":"studio-barock","status":"publish","type":"page","link":"https:\/\/kuenstlerischesgestalten.architektur.rptu.de\/index.php\/studio-barock\/","title":{"rendered":"Studio Barock"},"content":{"rendered":"\n<p>\u201eDer Barock erfindet das unendliche Werk oder die unendliche Operation. Das Problem ist nicht, wie eine Falte beenden, sondern wie sie fortsetzen, die Zimmerdecke durchqueren lassen, sie ins Unendliche tragen. Denn die Falte affiziert nicht allein alle Materien, die zu Ausdrucksmaterien werden, gem\u00e4\u00df unterschiedlichen Skalen, Geschwindigkeiten und Vektoren (die Berge und das Wasser, die Papiere, die Stoffe, die lebendigen Gewebe, das Gehirn), vielmehr bestimmt sie und l\u00e4\u00dft erscheinen die Form und macht daraus eine Ausdrucksform,&nbsp;<em>Gestaltung<\/em>, das genetische Element oder die unendliche Flexionslinie, die Kurve mit einer einzigen Variablen.\u201c<\/p>\n\n\n\n<p>Gilles Deleuze:&nbsp;<em>Die Falte. Leibniz und der Barock<\/em>. Frankfurt am Main 2017, Seite 61.<\/p>\n\n\n\n<p>Der k\u00fcnstlerische Entwurf bearbeitet Situationen, die individuell gefunden oder entwickelt werden, die das eigene \u201egenetische Element\u201c beinhalten.&nbsp;Jede Entwurfsphase&nbsp;&nbsp;ist auf das analoge Arbeiten festgelegt,&nbsp;f\u00fcr jeden Schritt will die richtige Gr\u00f6\u00dfe und das angemessene Gestaltungsmittel gefunden werden.<\/p>\n\n\n\n<p>Ausgangspunkt bilden die Arbeiten Francesco Borrominis in Rom.&nbsp;Die klassischen architektonischen Darstellungsformen Schnitt, Grundriss und Ansicht werden mit k\u00fcnstlerischen Methoden untersucht und erweitert.<\/p>\n\n\n\n<p>Das Erfahren der Originale vor Ort bildet die Grundlage f\u00fcr die Entwicklung von individuellen Lesarten und Verfahren der bildnerischen Untersuchung.<br><br>Beginn:&nbsp;Mittwoch, 15. 04. 2020, 10:00 Uhr<\/p>\n\n\n\n<p>Ort:\u00a0\u00a0\u00a0\u00a0\u00a0\u00a0Geb\u00e4ude 1, Raum 070<\/p>\n\n\n\n<p>Dozentin: Prof. Heike Kern<\/p>\n","protected":false},"excerpt":{"rendered":"<p>\u201eDer Barock erfindet das unendliche Werk oder die unendliche Operation. Das Problem ist nicht, wie eine Falte beenden, sondern wie sie fortsetzen, die Zimmerdecke durchqueren lassen, sie ins Unendliche tragen. Denn die Falte affiziert nicht allein alle Materien, die zu Ausdrucksmaterien werden, gem\u00e4\u00df unterschiedlichen Skalen, Geschwindigkeiten und Vektoren (die Berge und das Wasser, die Papiere, [&hellip;]<\/p>\n","protected":false},"author":1,"featured_media":0,"parent":0,"menu_order":0,"comment_status":"closed","ping_status":"closed","template":"","meta":{"footnotes":""},"class_list":["post-381","page","type-page","status-publish","hentry"],"_links":{"self":[{"href":"https:\/\/kuenstlerischesgestalten.architektur.rptu.de\/index.php\/wp-json\/wp\/v2\/pages\/381","targetHints":{"allow":["GET"]}}],"collection":[{"href":"https:\/\/kuenstlerischesgestalten.architektur.rptu.de\/index.php\/wp-json\/wp\/v2\/pages"}],"about":[{"href":"https:\/\/kuenstlerischesgestalten.architektur.rptu.de\/index.php\/wp-json\/wp\/v2\/types\/page"}],"author":[{"embeddable":true,"href":"https:\/\/kuenstlerischesgestalten.architektur.rptu.de\/index.php\/wp-json\/wp\/v2\/users\/1"}],"replies":[{"embeddable":true,"href":"https:\/\/kuenstlerischesgestalten.architektur.rptu.de\/index.php\/wp-json\/wp\/v2\/comments?post=381"}],"version-history":[{"count":1,"href":"https:\/\/kuenstlerischesgestalten.architektur.rptu.de\/index.php\/wp-json\/wp\/v2\/pages\/381\/revisions"}],"predecessor-version":[{"id":382,"href":"https:\/\/kuenstlerischesgestalten.architektur.rptu.de\/index.php\/wp-json\/wp\/v2\/pages\/381\/revisions\/382"}],"wp:attachment":[{"href":"https:\/\/kuenstlerischesgestalten.architektur.rptu.de\/index.php\/wp-json\/wp\/v2\/media?parent=381"}],"curies":[{"name":"wp","href":"https:\/\/api.w.org\/{rel}","templated":true}]}}