{"id":383,"date":"2025-12-29T22:37:49","date_gmt":"2025-12-29T21:37:49","guid":{"rendered":"https:\/\/kuenstlerischesgestalten.architektur.rptu.de\/?page_id=383"},"modified":"2025-12-29T22:37:49","modified_gmt":"2025-12-29T21:37:49","slug":"verdauung-eines-bildes-2","status":"publish","type":"page","link":"https:\/\/kuenstlerischesgestalten.architektur.rptu.de\/index.php\/verdauung-eines-bildes-2\/","title":{"rendered":"Verdauung eines Bildes"},"content":{"rendered":"\n<p>Bei der metabolischen Umwandlung werden Materialien durch eine Folge von Transformationen in immer andere Zust\u00e4nde versetzt. Sie werden nacheinander in Zwischenprodukte und Endprodukte \u00fcberf\u00fchrt.&nbsp;<\/p>\n\n\n\n<p>Wir verdauen ein Bild und \u00fcberf\u00fchren ein digitales quadratisches Fundst\u00fcck von Instagram in eine Folge abstrahierter Erscheinungsformen ein und derselben Sache.<\/p>\n\n\n\n<p>Die Umwandlungsschritte f\u00fchren vom Digitalen ins Analoge und von der Fl\u00e4che in den Raum. Wir bewegen uns vom Bild zum Objekt, in die Umwelt und setzten die erzeugten Ausdrucksformen in ein Verh\u00e4ltnis zur eigenen K\u00f6rperlichkeit. W\u00e4hrend sich die in Gang gesetzte Transformationsbewegung von der Originalvorlage zu entfernen scheint, vollzieht sich gleichzeitig eine Ann\u00e4herung: In jedem Schritt werden andere Aspekte angeschaut, analysiert, weitergetragen und mit einem neuen Fokus erschlossen.&nbsp;<\/p>\n\n\n\n<p>Am Ende der ersten Woche steht eine materialgewordene Serie, die sich einer linearen Logik entzieht. Die aus Bildbetrachtung und Bilderzeugung entwickelten Resultate wechseln ihre Stofflichkeit. Benutze Materialien tauschen ihre Rollen und werden vom Hilfsmittel zum gestalteten Ergebnis und umgekehrt.&nbsp;<\/p>\n\n\n\n<p>Die Arbeit in der Werkstatt mit Material und Skizzenbuch steht im Mittelpunkt dieses Seminars.<\/p>\n\n\n\n<p>In der begleitenden inhaltlichen Auseinandersetzung widmen wir uns dem Dialog von konkretem Objekt und abstrahierter Repr\u00e4sentation. Zeitgen\u00f6ssische und historische Beispiele aus Hoch- und Popkultur werden einander gegen\u00fcbergestellt und erweitern die praktische Herangehensweise.<br><br>Einf\u00fchrung: Mittwoch, 15.4.2020, 17:00h<\/p>\n\n\n\n<p>Blockseminar: Montag, 27.7. &#8211; Freitag, 31.7. und Donnerstag, 6.8. &#8211; Freitag 7.8., jeweils 9:00h &#8211; 18:00h<\/p>\n\n\n\n<p>Ort: Geb\u00e4ude 1, Raum U03<\/p>\n\n\n\n<p>Dozentin: Judith Leinen<br><\/p>\n\n\n\n<p><\/p>\n","protected":false},"excerpt":{"rendered":"<p>Bei der metabolischen Umwandlung werden Materialien durch eine Folge von Transformationen in immer andere Zust\u00e4nde versetzt. Sie werden nacheinander in Zwischenprodukte und Endprodukte \u00fcberf\u00fchrt.&nbsp; Wir verdauen ein Bild und \u00fcberf\u00fchren ein digitales quadratisches Fundst\u00fcck von Instagram in eine Folge abstrahierter Erscheinungsformen ein und derselben Sache. Die Umwandlungsschritte f\u00fchren vom Digitalen ins Analoge und von der [&hellip;]<\/p>\n","protected":false},"author":1,"featured_media":0,"parent":0,"menu_order":0,"comment_status":"closed","ping_status":"closed","template":"","meta":{"footnotes":""},"class_list":["post-383","page","type-page","status-publish","hentry"],"_links":{"self":[{"href":"https:\/\/kuenstlerischesgestalten.architektur.rptu.de\/index.php\/wp-json\/wp\/v2\/pages\/383","targetHints":{"allow":["GET"]}}],"collection":[{"href":"https:\/\/kuenstlerischesgestalten.architektur.rptu.de\/index.php\/wp-json\/wp\/v2\/pages"}],"about":[{"href":"https:\/\/kuenstlerischesgestalten.architektur.rptu.de\/index.php\/wp-json\/wp\/v2\/types\/page"}],"author":[{"embeddable":true,"href":"https:\/\/kuenstlerischesgestalten.architektur.rptu.de\/index.php\/wp-json\/wp\/v2\/users\/1"}],"replies":[{"embeddable":true,"href":"https:\/\/kuenstlerischesgestalten.architektur.rptu.de\/index.php\/wp-json\/wp\/v2\/comments?post=383"}],"version-history":[{"count":1,"href":"https:\/\/kuenstlerischesgestalten.architektur.rptu.de\/index.php\/wp-json\/wp\/v2\/pages\/383\/revisions"}],"predecessor-version":[{"id":384,"href":"https:\/\/kuenstlerischesgestalten.architektur.rptu.de\/index.php\/wp-json\/wp\/v2\/pages\/383\/revisions\/384"}],"wp:attachment":[{"href":"https:\/\/kuenstlerischesgestalten.architektur.rptu.de\/index.php\/wp-json\/wp\/v2\/media?parent=383"}],"curies":[{"name":"wp","href":"https:\/\/api.w.org\/{rel}","templated":true}]}}