{"id":394,"date":"2026-01-05T22:44:05","date_gmt":"2026-01-05T21:44:05","guid":{"rendered":"https:\/\/kuenstlerischesgestalten.architektur.rptu.de\/?page_id=394"},"modified":"2026-01-05T22:44:05","modified_gmt":"2026-01-05T21:44:05","slug":"rhizomieren","status":"publish","type":"page","link":"https:\/\/kuenstlerischesgestalten.architektur.rptu.de\/index.php\/rhizomieren\/","title":{"rendered":"Rhizomieren"},"content":{"rendered":"\n<p>Inspirationskraft Natur! Was ist eigentlich Natur?&nbsp;Hat ein Baum einen Bauplan an seine Wurzeln geheftet? Mit welcher Gie\u00dfkanne gie\u00dft man Kunstwerke im Atelier und was ist der beste D\u00fcnger f\u00fcr Gedanken? Was ist ein Rhizom? Welche Analogien bestehen zwischen biologischem Wachstum und dem Entstehen von k\u00fcnstlerischen und architektonischen Gebilden? Was haben Ingwer und das Internet gemeinsam? Wie dicht ist das naturmetaphorische Dickicht des Sprachwaldes?<\/p>\n\n\n\n<p>Im R\u00fccken des FATUK liegt der Stadtwald Kaiserslautern &#8211; die sogenannte Natur. Dieses Seminar wird sich mit Prozessen des Wachstums, in vielschichtiger Weise auseinandersetzen und diese auf k\u00fcnstlerische Praktiken \u00fcbertragen. Bildnerische, plastische, akustische und sprachliche Experimente werden w\u00e4hrend des Wintersemesters wachsen und wuchern. Ein Gestalt-Werden, Raum-Werden zwischen&nbsp;Linearit\u00e4t und Netzwerk, Dichotomie und Rhizom &#8211; erg\u00e4nzt&nbsp;durch ein theoretisches Netzwerk aus Netzwerkdenkern und \u2013Praktikern. Wir werden oft rausgehen mit Stift, Papier, Kamera, Audiorecorder und vor allem unserer Wahrnehmungskraft. Plastische Arbeiten werden in einem zweiten Schritt vor allem im Innenraum entstehen.<\/p>\n\n\n\n<p>Dozent: Paul Schuseil<\/p>\n\n\n\n<p>Beginn:&nbsp;Montag, 4. 11. 2019, 10:00 Uhr<\/p>\n\n\n\n<p>Ort:&nbsp;&nbsp;&nbsp;&nbsp;&nbsp;&nbsp;Geb\u00e4ude 1, Raum U03<\/p>\n","protected":false},"excerpt":{"rendered":"<p>Inspirationskraft Natur! Was ist eigentlich Natur?&nbsp;Hat ein Baum einen Bauplan an seine Wurzeln geheftet? Mit welcher Gie\u00dfkanne gie\u00dft man Kunstwerke im Atelier und was ist der beste D\u00fcnger f\u00fcr Gedanken? Was ist ein Rhizom? Welche Analogien bestehen zwischen biologischem Wachstum und dem Entstehen von k\u00fcnstlerischen und architektonischen Gebilden? Was haben Ingwer und das Internet gemeinsam? [&hellip;]<\/p>\n","protected":false},"author":1,"featured_media":0,"parent":0,"menu_order":0,"comment_status":"closed","ping_status":"closed","template":"","meta":{"footnotes":""},"class_list":["post-394","page","type-page","status-publish","hentry"],"_links":{"self":[{"href":"https:\/\/kuenstlerischesgestalten.architektur.rptu.de\/index.php\/wp-json\/wp\/v2\/pages\/394","targetHints":{"allow":["GET"]}}],"collection":[{"href":"https:\/\/kuenstlerischesgestalten.architektur.rptu.de\/index.php\/wp-json\/wp\/v2\/pages"}],"about":[{"href":"https:\/\/kuenstlerischesgestalten.architektur.rptu.de\/index.php\/wp-json\/wp\/v2\/types\/page"}],"author":[{"embeddable":true,"href":"https:\/\/kuenstlerischesgestalten.architektur.rptu.de\/index.php\/wp-json\/wp\/v2\/users\/1"}],"replies":[{"embeddable":true,"href":"https:\/\/kuenstlerischesgestalten.architektur.rptu.de\/index.php\/wp-json\/wp\/v2\/comments?post=394"}],"version-history":[{"count":1,"href":"https:\/\/kuenstlerischesgestalten.architektur.rptu.de\/index.php\/wp-json\/wp\/v2\/pages\/394\/revisions"}],"predecessor-version":[{"id":395,"href":"https:\/\/kuenstlerischesgestalten.architektur.rptu.de\/index.php\/wp-json\/wp\/v2\/pages\/394\/revisions\/395"}],"wp:attachment":[{"href":"https:\/\/kuenstlerischesgestalten.architektur.rptu.de\/index.php\/wp-json\/wp\/v2\/media?parent=394"}],"curies":[{"name":"wp","href":"https:\/\/api.w.org\/{rel}","templated":true}]}}