{"id":396,"date":"2026-01-05T22:48:27","date_gmt":"2026-01-05T21:48:27","guid":{"rendered":"https:\/\/kuenstlerischesgestalten.architektur.rptu.de\/?page_id=396"},"modified":"2026-01-05T22:48:27","modified_gmt":"2026-01-05T21:48:27","slug":"sternfahrt-koeln","status":"publish","type":"page","link":"https:\/\/kuenstlerischesgestalten.architektur.rptu.de\/index.php\/sternfahrt-koeln\/","title":{"rendered":"Sternfahrt K\u00f6ln"},"content":{"rendered":"\n<p>Die Errichtung von sakralen Geb\u00e4uden geh\u00f6rt zu den archaischsten Aufgaben des kulturell lebenden Menschen. Deutlich wahrnehmbar handelt es sich nicht um eine allt\u00e4gliche Aufgabe des Bauens, sondern um das Besondere. Jeder von uns besucht bei Reisen die Sakralbauten vergangener Zeit und bewundert ihre Wirkung und baulichen Besonderheiten. Diese Bauwerke von andauernder Faszination sind Hauptbestandteile kultureller Identit\u00e4t. B\u00f6hm und Otto Bartning begeben und sie bildnerisch-praktisch ertasten.<\/p>\n\n\n\n<p> F\u00fcr Studierende fr\u00fcherer Generationen geh\u00f6rte die Besch\u00e4ftigung mit dem Bau von Kirchen zum Standardrepertoire derArchitekturausbildung und galt als eine \u201cK\u00f6nigsaufgabe\u201c. <\/p>\n\n\n\n<p>Wir wollen uns auf die Suche und die Spuren nach den auratischen R\u00e4umen von Rudolf Schwarz, Dominikus und Gottfried<\/p>\n\n\n\n<p>6. bis 10. Mai 2019 Unterkunft in K\u00f6ln ist organisiert selbst\u00e4ndige Hin- und R\u00fcckfahrt nach K\u00f6ln weitere Kosten maximal 100 \u20ac. <\/p>\n\n\n\n<p><br><br>Beginn: Termin wird noch bekannt gegeben<\/p>\n\n\n\n<p>Ort: Geb\u00e4ude 1, R 170<\/p>\n\n\n\n<p>Prof. Heike Kern; Prof Dirk Bayer<\/p>\n\n\n\n<p>K\u00fcnstlerisches Gestalten; Methodik des Entwerfens<\/p>\n\n\n\n<p><\/p>\n","protected":false},"excerpt":{"rendered":"<p>Die Errichtung von sakralen Geb\u00e4uden geh\u00f6rt zu den archaischsten Aufgaben des kulturell lebenden Menschen. Deutlich wahrnehmbar handelt es sich nicht um eine allt\u00e4gliche Aufgabe des Bauens, sondern um das Besondere. Jeder von uns besucht bei Reisen die Sakralbauten vergangener Zeit und bewundert ihre Wirkung und baulichen Besonderheiten. Diese Bauwerke von andauernder Faszination sind Hauptbestandteile kultureller [&hellip;]<\/p>\n","protected":false},"author":1,"featured_media":0,"parent":0,"menu_order":0,"comment_status":"closed","ping_status":"closed","template":"","meta":{"footnotes":""},"class_list":["post-396","page","type-page","status-publish","hentry"],"_links":{"self":[{"href":"https:\/\/kuenstlerischesgestalten.architektur.rptu.de\/index.php\/wp-json\/wp\/v2\/pages\/396","targetHints":{"allow":["GET"]}}],"collection":[{"href":"https:\/\/kuenstlerischesgestalten.architektur.rptu.de\/index.php\/wp-json\/wp\/v2\/pages"}],"about":[{"href":"https:\/\/kuenstlerischesgestalten.architektur.rptu.de\/index.php\/wp-json\/wp\/v2\/types\/page"}],"author":[{"embeddable":true,"href":"https:\/\/kuenstlerischesgestalten.architektur.rptu.de\/index.php\/wp-json\/wp\/v2\/users\/1"}],"replies":[{"embeddable":true,"href":"https:\/\/kuenstlerischesgestalten.architektur.rptu.de\/index.php\/wp-json\/wp\/v2\/comments?post=396"}],"version-history":[{"count":1,"href":"https:\/\/kuenstlerischesgestalten.architektur.rptu.de\/index.php\/wp-json\/wp\/v2\/pages\/396\/revisions"}],"predecessor-version":[{"id":397,"href":"https:\/\/kuenstlerischesgestalten.architektur.rptu.de\/index.php\/wp-json\/wp\/v2\/pages\/396\/revisions\/397"}],"wp:attachment":[{"href":"https:\/\/kuenstlerischesgestalten.architektur.rptu.de\/index.php\/wp-json\/wp\/v2\/media?parent=396"}],"curies":[{"name":"wp","href":"https:\/\/api.w.org\/{rel}","templated":true}]}}